{"id":2105,"date":"2020-03-29T21:45:18","date_gmt":"2020-03-29T19:45:18","guid":{"rendered":"https:\/\/talenti.hr\/?post_type=product&#038;p=2105"},"modified":"2020-05-01T15:09:26","modified_gmt":"2020-05-01T13:09:26","slug":"loptice-haki-saki-pletene","status":"publish","type":"product","link":"https:\/\/talenti.hr\/?product=loptice-haki-saki-pletene","title":{"rendered":"Footbags pletene loptice Haki Saki"},"content":{"rendered":"<p>Footbags pletene loptice Haki Saki tvr\u0111e su konstrukcije (bolje napunjene), ali s vremenom omek\u0161aju. Dostupne su u vi\u0161e razli\u010ditih kombinacija boja. Primjerene su za po\u010detnike. Punjene su sjemenkama.Boja loptice mo\u017ee biti razli\u010dita od boje loptice na slici!<\/p>\n","protected":false},"excerpt":{"rendered":"<ul>\n<li>Cijena je za 1 komad !!<\/li>\n<li>Te\u017eina: 40 g<\/li>\n<li>Promjer: &#8230;<br \/>\n","protected":false},"featured_media":3483,"comment_status":"open","ping_status":"closed","template":"","meta":[],"product_brand":[],"product_cat":[179,168],"product_tag":[443,446,195,448,447],"class_list":{"0":"post-2105","1":"product","2":"type-product","3":"status-publish","4":"has-post-thumbnail","6":"product_cat-footbags-loptice","7":"product_cat-sport","8":"product_tag-footbags","9":"product_tag-haki","10":"product_tag-loptice","11":"product_tag-pletene","12":"product_tag-saki","14":"first","15":"instock","16":"taxable","17":"shipping-taxable","18":"purchasable","19":"product-type-simple"},"_links":{"self":[{"href":"https:\/\/talenti.hr\/index.php?rest_route=\/wp\/v2\/product\/2105","targetHints":{"allow":["GET"]}}],"collection":[{"href":"https:\/\/talenti.hr\/index.php?rest_route=\/wp\/v2\/product"}],"about":[{"href":"https:\/\/talenti.hr\/index.php?rest_route=\/wp\/v2\/types\/product"}],"replies":[{"embeddable":true,"href":"https:\/\/talenti.hr\/index.php?rest_route=%2Fwp%2Fv2%2Fcomments&post=2105"}],"wp:featuredmedia":[{"embeddable":true,"href":"https:\/\/talenti.hr\/index.php?rest_route=\/wp\/v2\/media\/3483"}],"wp:attachment":[{"href":"https:\/\/talenti.hr\/index.php?rest_route=%2Fwp%2Fv2%2Fmedia&parent=2105"}],"wp:term":[{"taxonomy":"product_brand","embeddable":true,"href":"https:\/\/talenti.hr\/index.php?rest_route=%2Fwp%2Fv2%2Fproduct_brand&post=2105"},{"taxonomy":"product_cat","embeddable":true,"href":"https:\/\/talenti.hr\/index.php?rest_route=%2Fwp%2Fv2%2Fproduct_cat&post=2105"},{"taxonomy":"product_tag","embeddable":true,"href":"https:\/\/talenti.hr\/index.php?rest_route=%2Fwp%2Fv2%2Fproduct_tag&post=2105"}],"curies":[{"name":"wp","href":"https:\/\/api.w.org\/{rel}","templated":true}]}}