{"id":2113,"date":"2020-03-29T21:49:18","date_gmt":"2020-03-29T19:49:18","guid":{"rendered":"https:\/\/talenti.hr\/?post_type=product&#038;p=2113"},"modified":"2020-05-01T15:03:41","modified_gmt":"2020-05-01T13:03:41","slug":"footbag-kozni-sa-14-plocica","status":"publish","type":"product","link":"https:\/\/talenti.hr\/?product=footbag-kozni-sa-14-plocica","title":{"rendered":"Footbags ko\u017ene loptice sa 14 plo\u010dica"},"content":{"rendered":"<p>Footbags ko\u017ene loptice izuzetno su mekane i trajne sastavljene od 14 plo\u010dica.Namijenjene su znalcima tog sporta,jer omogu\u0107uje dobar kontakt i izvo\u0111enje nevjerovatnih freestyle trikova.Punjene su izuzetno finim pjeskom.<br \/>\nBoja loptice mo\u017ee biti razli\u010dita od boje loptice na slici!<\/p>\n","protected":false},"excerpt":{"rendered":"<ul>\n<li>Cijena je za 1 komad !!<\/li>\n<li>Te\u017eina: 42 g<\/li>\n<li>Promjer: &#8230;<br \/>\n","protected":false},"featured_media":3478,"comment_status":"open","ping_status":"closed","template":"","meta":[],"product_brand":[],"product_cat":[179,168],"product_tag":[443,444,195],"class_list":{"0":"post-2113","1":"product","2":"type-product","3":"status-publish","4":"has-post-thumbnail","6":"product_cat-footbags-loptice","7":"product_cat-sport","8":"product_tag-footbags","9":"product_tag-koza","10":"product_tag-loptice","12":"first","13":"instock","14":"taxable","15":"shipping-taxable","16":"purchasable","17":"product-type-simple"},"_links":{"self":[{"href":"https:\/\/talenti.hr\/index.php?rest_route=\/wp\/v2\/product\/2113","targetHints":{"allow":["GET"]}}],"collection":[{"href":"https:\/\/talenti.hr\/index.php?rest_route=\/wp\/v2\/product"}],"about":[{"href":"https:\/\/talenti.hr\/index.php?rest_route=\/wp\/v2\/types\/product"}],"replies":[{"embeddable":true,"href":"https:\/\/talenti.hr\/index.php?rest_route=%2Fwp%2Fv2%2Fcomments&post=2113"}],"wp:featuredmedia":[{"embeddable":true,"href":"https:\/\/talenti.hr\/index.php?rest_route=\/wp\/v2\/media\/3478"}],"wp:attachment":[{"href":"https:\/\/talenti.hr\/index.php?rest_route=%2Fwp%2Fv2%2Fmedia&parent=2113"}],"wp:term":[{"taxonomy":"product_brand","embeddable":true,"href":"https:\/\/talenti.hr\/index.php?rest_route=%2Fwp%2Fv2%2Fproduct_brand&post=2113"},{"taxonomy":"product_cat","embeddable":true,"href":"https:\/\/talenti.hr\/index.php?rest_route=%2Fwp%2Fv2%2Fproduct_cat&post=2113"},{"taxonomy":"product_tag","embeddable":true,"href":"https:\/\/talenti.hr\/index.php?rest_route=%2Fwp%2Fv2%2Fproduct_tag&post=2113"}],"curies":[{"name":"wp","href":"https:\/\/api.w.org\/{rel}","templated":true}]}}