{"id":2122,"date":"2020-03-29T21:53:49","date_gmt":"2020-03-29T19:53:49","guid":{"rendered":"https:\/\/talenti.hr\/?post_type=product&#038;p=2122"},"modified":"2020-05-01T15:00:52","modified_gmt":"2020-05-01T13:00:52","slug":"footbag-kozni-sa-2-plocice","status":"publish","type":"product","link":"https:\/\/talenti.hr\/?product=footbag-kozni-sa-2-plocice","title":{"rendered":"Footbags ko\u017ene loptice sa 2 plo\u010dice"},"content":{"rendered":"<p>Footbags ko\u017ene loptice sa 2 plo\u010dice su izuzetno mekane i izdr\u017eljive, pogodne za po\u010detnike i dobre poznavaoce.Punjene su finim pjeskom i imaju izuzetno dobro prianjanje u skladu s zlatnim pravilom za footbags da je prianjanje bolje ako ima manje plo\u010dica.<br \/>\nBoja u\u017eivo mo\u017ee se razlikovati od one na slici.<\/p>\n","protected":false},"excerpt":{"rendered":"<ul>\n<li>Cijena je za 1 komad !!<\/li>\n<li>Te\u017eina: 50 g<\/li>\n<li>Promjer: &#8230;<br \/>\n","protected":false},"featured_media":3472,"comment_status":"open","ping_status":"closed","template":"","meta":[],"product_brand":[],"product_cat":[179,168],"product_tag":[443,444,195],"class_list":{"0":"post-2122","1":"product","2":"type-product","3":"status-publish","4":"has-post-thumbnail","6":"product_cat-footbags-loptice","7":"product_cat-sport","8":"product_tag-footbags","9":"product_tag-koza","10":"product_tag-loptice","12":"first","13":"instock","14":"taxable","15":"shipping-taxable","16":"purchasable","17":"product-type-simple"},"_links":{"self":[{"href":"https:\/\/talenti.hr\/index.php?rest_route=\/wp\/v2\/product\/2122","targetHints":{"allow":["GET"]}}],"collection":[{"href":"https:\/\/talenti.hr\/index.php?rest_route=\/wp\/v2\/product"}],"about":[{"href":"https:\/\/talenti.hr\/index.php?rest_route=\/wp\/v2\/types\/product"}],"replies":[{"embeddable":true,"href":"https:\/\/talenti.hr\/index.php?rest_route=%2Fwp%2Fv2%2Fcomments&post=2122"}],"wp:featuredmedia":[{"embeddable":true,"href":"https:\/\/talenti.hr\/index.php?rest_route=\/wp\/v2\/media\/3472"}],"wp:attachment":[{"href":"https:\/\/talenti.hr\/index.php?rest_route=%2Fwp%2Fv2%2Fmedia&parent=2122"}],"wp:term":[{"taxonomy":"product_brand","embeddable":true,"href":"https:\/\/talenti.hr\/index.php?rest_route=%2Fwp%2Fv2%2Fproduct_brand&post=2122"},{"taxonomy":"product_cat","embeddable":true,"href":"https:\/\/talenti.hr\/index.php?rest_route=%2Fwp%2Fv2%2Fproduct_cat&post=2122"},{"taxonomy":"product_tag","embeddable":true,"href":"https:\/\/talenti.hr\/index.php?rest_route=%2Fwp%2Fv2%2Fproduct_tag&post=2122"}],"curies":[{"name":"wp","href":"https:\/\/api.w.org\/{rel}","templated":true}]}}