{"id":2128,"date":"2020-03-29T21:59:16","date_gmt":"2020-03-29T19:59:16","guid":{"rendered":"https:\/\/talenti.hr\/?post_type=product&#038;p=2128"},"modified":"2020-04-25T19:05:11","modified_gmt":"2020-04-25T17:05:11","slug":"frizbi-spirale-moon-160","status":"publish","type":"product","link":"https:\/\/talenti.hr\/?product=frizbi-spirale-moon-160","title":{"rendered":"Frizbi Spirale Moon 160"},"content":{"rendered":"<p>Frizbi Spirale Moon 160 koristi se u igri freestyle,odlikuje ga izuzetna rotacija nakon bacanja i spretno dodavanje.Svijetli u tami pa se mo\u017ee igrati i kad padne mrak.U\u010dinak traje 20 minuta nakon \u010dega se mora ponovo izlo\u017eiti svjetlosti.Napravljen je od mekane plastike.<\/p>\n","protected":false},"excerpt":{"rendered":"<ul>\n<li>Te\u017eina: 160 g<\/li>\n<li>Promjer: 27 cm<\/li>\n<li>Boja:svijetle\u0107a<\/li>\n<li>Rok isporuke. 5-7 &#8230;<br \/>\n","protected":false},"featured_media":2130,"comment_status":"open","ping_status":"closed","template":"","meta":[],"product_brand":[],"product_cat":[172,168],"product_tag":[321,206,339],"class_list":{"0":"post-2128","1":"product","2":"type-product","3":"status-publish","4":"has-post-thumbnail","6":"product_cat-frizbi","7":"product_cat-sport","8":"product_tag-frizbi","9":"product_tag-moon","10":"product_tag-spyrale","12":"first","13":"instock","14":"taxable","15":"shipping-taxable","16":"purchasable","17":"product-type-simple"},"_links":{"self":[{"href":"https:\/\/talenti.hr\/index.php?rest_route=\/wp\/v2\/product\/2128","targetHints":{"allow":["GET"]}}],"collection":[{"href":"https:\/\/talenti.hr\/index.php?rest_route=\/wp\/v2\/product"}],"about":[{"href":"https:\/\/talenti.hr\/index.php?rest_route=\/wp\/v2\/types\/product"}],"replies":[{"embeddable":true,"href":"https:\/\/talenti.hr\/index.php?rest_route=%2Fwp%2Fv2%2Fcomments&post=2128"}],"wp:featuredmedia":[{"embeddable":true,"href":"https:\/\/talenti.hr\/index.php?rest_route=\/wp\/v2\/media\/2130"}],"wp:attachment":[{"href":"https:\/\/talenti.hr\/index.php?rest_route=%2Fwp%2Fv2%2Fmedia&parent=2128"}],"wp:term":[{"taxonomy":"product_brand","embeddable":true,"href":"https:\/\/talenti.hr\/index.php?rest_route=%2Fwp%2Fv2%2Fproduct_brand&post=2128"},{"taxonomy":"product_cat","embeddable":true,"href":"https:\/\/talenti.hr\/index.php?rest_route=%2Fwp%2Fv2%2Fproduct_cat&post=2128"},{"taxonomy":"product_tag","embeddable":true,"href":"https:\/\/talenti.hr\/index.php?rest_route=%2Fwp%2Fv2%2Fproduct_tag&post=2128"}],"curies":[{"name":"wp","href":"https:\/\/api.w.org\/{rel}","templated":true}]}}