{"id":2139,"date":"2020-03-29T22:03:58","date_gmt":"2020-03-29T20:03:58","guid":{"rendered":"https:\/\/talenti.hr\/?post_type=product&#038;p=2139"},"modified":"2020-04-25T19:00:26","modified_gmt":"2020-04-25T17:00:26","slug":"frizbi-discraft-sky-styler-160","status":"publish","type":"product","link":"https:\/\/talenti.hr\/?product=frizbi-discraft-sky-styler-160","title":{"rendered":"Frizbi Discraft Sky-Styler 160"},"content":{"rendered":"<p>Frizbi Discraft Sky-Styler 160 vrijedi za najboljega me\u0111u freestyle frizbijima.Omogu\u0107uje izvo\u0111enje zbilja nevjerovatnih trikova.Za njega je zna\u010dajan izuzetno precizan let.Oblikovan je tako da omogu\u0107uje \u010dim lak\u0161e lebdenje.<\/p>\n","protected":false},"excerpt":{"rendered":"<ul>\n<li>Te\u017eina: 160 g<\/li>\n<li>Promjer: 26 cm<\/li>\n<li>Boje: naran\u010dasta,bijela,plava,crvena<\/li>\n<li>Proizvo\u0111a\u010d: Discraft<\/li>\n<p> &#8230; <\/p>\n","protected":false},"featured_media":3199,"comment_status":"open","ping_status":"closed","template":"","meta":[],"product_brand":[],"product_cat":[172,168],"product_tag":[332,321,337,338],"class_list":{"0":"post-2139","1":"product","2":"type-product","3":"status-publish","4":"has-post-thumbnail","6":"product_cat-frizbi","7":"product_cat-sport","8":"product_tag-discraft","9":"product_tag-frizbi","10":"product_tag-sky","11":"product_tag-styler","13":"first","14":"instock","15":"taxable","16":"shipping-taxable","17":"purchasable","18":"product-type-simple"},"_links":{"self":[{"href":"https:\/\/talenti.hr\/index.php?rest_route=\/wp\/v2\/product\/2139","targetHints":{"allow":["GET"]}}],"collection":[{"href":"https:\/\/talenti.hr\/index.php?rest_route=\/wp\/v2\/product"}],"about":[{"href":"https:\/\/talenti.hr\/index.php?rest_route=\/wp\/v2\/types\/product"}],"replies":[{"embeddable":true,"href":"https:\/\/talenti.hr\/index.php?rest_route=%2Fwp%2Fv2%2Fcomments&post=2139"}],"wp:featuredmedia":[{"embeddable":true,"href":"https:\/\/talenti.hr\/index.php?rest_route=\/wp\/v2\/media\/3199"}],"wp:attachment":[{"href":"https:\/\/talenti.hr\/index.php?rest_route=%2Fwp%2Fv2%2Fmedia&parent=2139"}],"wp:term":[{"taxonomy":"product_brand","embeddable":true,"href":"https:\/\/talenti.hr\/index.php?rest_route=%2Fwp%2Fv2%2Fproduct_brand&post=2139"},{"taxonomy":"product_cat","embeddable":true,"href":"https:\/\/talenti.hr\/index.php?rest_route=%2Fwp%2Fv2%2Fproduct_cat&post=2139"},{"taxonomy":"product_tag","embeddable":true,"href":"https:\/\/talenti.hr\/index.php?rest_route=%2Fwp%2Fv2%2Fproduct_tag&post=2139"}],"curies":[{"name":"wp","href":"https:\/\/api.w.org\/{rel}","templated":true}]}}