{"id":2142,"date":"2020-03-29T22:05:48","date_gmt":"2020-03-29T20:05:48","guid":{"rendered":"https:\/\/talenti.hr\/?post_type=product&#038;p=2142"},"modified":"2020-04-25T18:41:21","modified_gmt":"2020-04-25T16:41:21","slug":"frizbi-discraft-ultra-star-ultimate-175","status":"publish","type":"product","link":"https:\/\/talenti.hr\/?product=frizbi-discraft-ultra-star-ultimate-175","title":{"rendered":"Frizbi Discraft Ultra-Star Ultimate 175"},"content":{"rendered":"<p>Frizbi Discraft Ultra-Star Ultimate je najpopularniji Ultimate frizbi na svijetu koji se mo\u017ee upotrebljavati na najve\u0107im takmi\u010denjima u Americi.Zbog stabilnog leta popularan je i me\u0111u rekreativnim igra\u010dima.<\/p>\n","protected":false},"excerpt":{"rendered":"<ul>\n<li style=\"text-align: left\">Te\u017eina: 175 g<\/li>\n<li>Promjer: 27 cm<\/li>\n<li style=\"text-align: ...  \n\n","protected":false},"featured_media":3194,"comment_status":"open","ping_status":"closed","template":"","meta":[],"product_brand":[],"product_cat":[172,168],"product_tag":[332,321,128,336,324],"class_list":{"0":"post-2142","1":"product","2":"type-product","3":"status-publish","4":"has-post-thumbnail","6":"product_cat-frizbi","7":"product_cat-sport","8":"product_tag-discraft","9":"product_tag-frizbi","10":"product_tag-star","11":"product_tag-ultimate","12":"product_tag-ultra","14":"first","15":"instock","16":"taxable","17":"shipping-taxable","18":"purchasable","19":"product-type-simple"},"_links":{"self":[{"href":"https:\/\/talenti.hr\/index.php?rest_route=\/wp\/v2\/product\/2142","targetHints":{"allow":["GET"]}}],"collection":[{"href":"https:\/\/talenti.hr\/index.php?rest_route=\/wp\/v2\/product"}],"about":[{"href":"https:\/\/talenti.hr\/index.php?rest_route=\/wp\/v2\/types\/product"}],"replies":[{"embeddable":true,"href":"https:\/\/talenti.hr\/index.php?rest_route=%2Fwp%2Fv2%2Fcomments&post=2142"}],"wp:featuredmedia":[{"embeddable":true,"href":"https:\/\/talenti.hr\/index.php?rest_route=\/wp\/v2\/media\/3194"}],"wp:attachment":[{"href":"https:\/\/talenti.hr\/index.php?rest_route=%2Fwp%2Fv2%2Fmedia&parent=2142"}],"wp:term":[{"taxonomy":"product_brand","embeddable":true,"href":"https:\/\/talenti.hr\/index.php?rest_route=%2Fwp%2Fv2%2Fproduct_brand&post=2142"},{"taxonomy":"product_cat","embeddable":true,"href":"https:\/\/talenti.hr\/index.php?rest_route=%2Fwp%2Fv2%2Fproduct_cat&post=2142"},{"taxonomy":"product_tag","embeddable":true,"href":"https:\/\/talenti.hr\/index.php?rest_route=%2Fwp%2Fv2%2Fproduct_tag&post=2142"}],"curies":[{"name":"wp","href":"https:\/\/api.w.org\/{rel}","templated":true}]}}