{"id":2147,"date":"2020-03-29T22:08:31","date_gmt":"2020-03-29T20:08:31","guid":{"rendered":"https:\/\/talenti.hr\/?post_type=product&#038;p=2147"},"modified":"2020-04-25T18:25:38","modified_gmt":"2020-04-25T16:25:38","slug":"frizbi-discraft-ultra-star-night-glow-175","status":"publish","type":"product","link":"https:\/\/talenti.hr\/?product=frizbi-discraft-ultra-star-night-glow-175","title":{"rendered":"Frizbi Discraft Ultra-Star Night-Glow 175"},"content":{"rendered":"<p>Frizbi Discraft Ultra-Star Night Glow 175 je definitivno daleko najpopularnija marka Ultimate frizbija na svijetu.Upotrebljava ga ve\u0107ina Ultimate klubova.Naj\u010de\u0161\u0107e je slu\u017ebeni frizbi na me\u0111unarodnim takmi\u010denjima i jedini odobren za igranje u ameri\u010dkoj ligi.Odlikuje ga dug i stabilan let i to \u0161to svijetli u mraku.<\/p>\n","protected":false},"excerpt":{"rendered":"<ul>\n<li>Te\u017eina: 175 g<\/li>\n<li>Promjer: 27 cm<\/li>\n<li>Boja: svijetle\u0107a<\/li>\n<li>Rok isporuke: &#8230;<br \/>\n","protected":false},"featured_media":2149,"comment_status":"open","ping_status":"closed","template":"","meta":[],"product_brand":[],"product_cat":[172,168],"product_tag":[332,321,335,334,128,324],"class_list":{"0":"post-2147","1":"product","2":"type-product","3":"status-publish","4":"has-post-thumbnail","6":"product_cat-frizbi","7":"product_cat-sport","8":"product_tag-discraft","9":"product_tag-frizbi","10":"product_tag-glow","11":"product_tag-night","12":"product_tag-star","13":"product_tag-ultra","15":"first","16":"instock","17":"taxable","18":"shipping-taxable","19":"purchasable","20":"product-type-simple"},"_links":{"self":[{"href":"https:\/\/talenti.hr\/index.php?rest_route=\/wp\/v2\/product\/2147","targetHints":{"allow":["GET"]}}],"collection":[{"href":"https:\/\/talenti.hr\/index.php?rest_route=\/wp\/v2\/product"}],"about":[{"href":"https:\/\/talenti.hr\/index.php?rest_route=\/wp\/v2\/types\/product"}],"replies":[{"embeddable":true,"href":"https:\/\/talenti.hr\/index.php?rest_route=%2Fwp%2Fv2%2Fcomments&post=2147"}],"wp:featuredmedia":[{"embeddable":true,"href":"https:\/\/talenti.hr\/index.php?rest_route=\/wp\/v2\/media\/2149"}],"wp:attachment":[{"href":"https:\/\/talenti.hr\/index.php?rest_route=%2Fwp%2Fv2%2Fmedia&parent=2147"}],"wp:term":[{"taxonomy":"product_brand","embeddable":true,"href":"https:\/\/talenti.hr\/index.php?rest_route=%2Fwp%2Fv2%2Fproduct_brand&post=2147"},{"taxonomy":"product_cat","embeddable":true,"href":"https:\/\/talenti.hr\/index.php?rest_route=%2Fwp%2Fv2%2Fproduct_cat&post=2147"},{"taxonomy":"product_tag","embeddable":true,"href":"https:\/\/talenti.hr\/index.php?rest_route=%2Fwp%2Fv2%2Fproduct_tag&post=2147"}],"curies":[{"name":"wp","href":"https:\/\/api.w.org\/{rel}","templated":true}]}}