{"id":2150,"date":"2020-03-29T22:10:11","date_gmt":"2020-03-29T20:10:11","guid":{"rendered":"https:\/\/talenti.hr\/?post_type=product&#038;p=2150"},"modified":"2020-04-25T18:22:04","modified_gmt":"2020-04-25T16:22:04","slug":"frizbi-discraft-chameleon-175","status":"publish","type":"product","link":"https:\/\/talenti.hr\/?product=frizbi-discraft-chameleon-175","title":{"rendered":"Frizbi Discraft Chameleon 175"},"content":{"rendered":"<p>Frizbi Discraft Cameleon je jedinstveni disk koji mijenja boju na suncu od prozirne do ljubi\u010daste,\u0161to je sunce ja\u010de boja je tamnija.Odlikuje ga dug i stabilan let.Definitivno je me\u0111u najpopularnijim frizbijima na svijetu i upotrebljava ga ve\u0107ina Ultimate klubova.Odobren je i u ameri\u010dkoj ligi od njihovog frizbi saveza.<\/p>\n","protected":false},"excerpt":{"rendered":"<ul>\n<li>Te\u017eina: 175 g<\/li>\n<li>Promjer: 27 cm<\/li>\n<li>Boja: promjenjiva<\/li>\n<li>Rok isporuke: &#8230;<br \/>\n","protected":false},"featured_media":2152,"comment_status":"open","ping_status":"closed","template":"","meta":[],"product_brand":[],"product_cat":[172,168],"product_tag":[333,332,321],"class_list":{"0":"post-2150","1":"product","2":"type-product","3":"status-publish","4":"has-post-thumbnail","6":"product_cat-frizbi","7":"product_cat-sport","8":"product_tag-chameleon","9":"product_tag-discraft","10":"product_tag-frizbi","12":"first","13":"instock","14":"taxable","15":"shipping-taxable","16":"purchasable","17":"product-type-simple"},"_links":{"self":[{"href":"https:\/\/talenti.hr\/index.php?rest_route=\/wp\/v2\/product\/2150","targetHints":{"allow":["GET"]}}],"collection":[{"href":"https:\/\/talenti.hr\/index.php?rest_route=\/wp\/v2\/product"}],"about":[{"href":"https:\/\/talenti.hr\/index.php?rest_route=\/wp\/v2\/types\/product"}],"replies":[{"embeddable":true,"href":"https:\/\/talenti.hr\/index.php?rest_route=%2Fwp%2Fv2%2Fcomments&post=2150"}],"wp:featuredmedia":[{"embeddable":true,"href":"https:\/\/talenti.hr\/index.php?rest_route=\/wp\/v2\/media\/2152"}],"wp:attachment":[{"href":"https:\/\/talenti.hr\/index.php?rest_route=%2Fwp%2Fv2%2Fmedia&parent=2150"}],"wp:term":[{"taxonomy":"product_brand","embeddable":true,"href":"https:\/\/talenti.hr\/index.php?rest_route=%2Fwp%2Fv2%2Fproduct_brand&post=2150"},{"taxonomy":"product_cat","embeddable":true,"href":"https:\/\/talenti.hr\/index.php?rest_route=%2Fwp%2Fv2%2Fproduct_cat&post=2150"},{"taxonomy":"product_tag","embeddable":true,"href":"https:\/\/talenti.hr\/index.php?rest_route=%2Fwp%2Fv2%2Fproduct_tag&post=2150"}],"curies":[{"name":"wp","href":"https:\/\/api.w.org\/{rel}","templated":true}]}}