{"id":2159,"date":"2020-03-29T22:14:53","date_gmt":"2020-03-29T20:14:53","guid":{"rendered":"https:\/\/talenti.hr\/?post_type=product&#038;p=2159"},"modified":"2020-04-25T18:14:54","modified_gmt":"2020-04-25T16:14:54","slug":"frizbi-ninja-star-moon-175-g","status":"publish","type":"product","link":"https:\/\/talenti.hr\/?product=frizbi-ninja-star-moon-175-g","title":{"rendered":"Frizbi Ninja Star Moon 175"},"content":{"rendered":"<p>Radi se o odli\u010dnom frizbiju namijenjenom u\u010denju prvih bacanja i upoznavanju igre s frizbijem Ultimate.<br \/>\nDizajn je jako lijep,mo\u017ee se koristiti no\u0107u,jer svijetli,ako se prethodno izlo\u017ei svijetlosti.<\/p>\n","protected":false},"excerpt":{"rendered":"<ul>\n<li>Te\u017eina: 175 g<\/li>\n<li>Promjer: 27,3 cm<\/li>\n<li>Rok isporuke: 5-7 dana<\/li>\n<p> &#8230; <\/p>\n","protected":false},"featured_media":3188,"comment_status":"open","ping_status":"closed","template":"","meta":[],"product_brand":[],"product_cat":[172,168],"product_tag":[321,206,331,128],"class_list":{"0":"post-2159","1":"product","2":"type-product","3":"status-publish","4":"has-post-thumbnail","6":"product_cat-frizbi","7":"product_cat-sport","8":"product_tag-frizbi","9":"product_tag-moon","10":"product_tag-ninja","11":"product_tag-star","13":"first","14":"instock","15":"taxable","16":"shipping-taxable","17":"purchasable","18":"product-type-simple"},"_links":{"self":[{"href":"https:\/\/talenti.hr\/index.php?rest_route=\/wp\/v2\/product\/2159","targetHints":{"allow":["GET"]}}],"collection":[{"href":"https:\/\/talenti.hr\/index.php?rest_route=\/wp\/v2\/product"}],"about":[{"href":"https:\/\/talenti.hr\/index.php?rest_route=\/wp\/v2\/types\/product"}],"replies":[{"embeddable":true,"href":"https:\/\/talenti.hr\/index.php?rest_route=%2Fwp%2Fv2%2Fcomments&post=2159"}],"wp:featuredmedia":[{"embeddable":true,"href":"https:\/\/talenti.hr\/index.php?rest_route=\/wp\/v2\/media\/3188"}],"wp:attachment":[{"href":"https:\/\/talenti.hr\/index.php?rest_route=%2Fwp%2Fv2%2Fmedia&parent=2159"}],"wp:term":[{"taxonomy":"product_brand","embeddable":true,"href":"https:\/\/talenti.hr\/index.php?rest_route=%2Fwp%2Fv2%2Fproduct_brand&post=2159"},{"taxonomy":"product_cat","embeddable":true,"href":"https:\/\/talenti.hr\/index.php?rest_route=%2Fwp%2Fv2%2Fproduct_cat&post=2159"},{"taxonomy":"product_tag","embeddable":true,"href":"https:\/\/talenti.hr\/index.php?rest_route=%2Fwp%2Fv2%2Fproduct_tag&post=2159"}],"curies":[{"name":"wp","href":"https:\/\/api.w.org\/{rel}","templated":true}]}}