{"id":2162,"date":"2020-03-29T22:15:53","date_gmt":"2020-03-29T20:15:53","guid":{"rendered":"https:\/\/talenti.hr\/?post_type=product&#038;p=2162"},"modified":"2020-04-25T17:51:17","modified_gmt":"2020-04-25T15:51:17","slug":"frizbi-dzepni","status":"publish","type":"product","link":"https:\/\/talenti.hr\/?product=frizbi-dzepni","title":{"rendered":"Frizbi d\u017eepni"},"content":{"rendered":"<p>Izuzetno prakti\u010dan frizbi napravljen iz izdr\u017eljivog materijala. Rub frizbija je napunjen pijeskom i zato omogu\u0107uje duga\u010dak i stabilan let. Mo\u017eemo ga uvijek imati sa sobom, jer kad se slo\u017ei i presavije stane u svaki d\u017eep.<\/p>\n","protected":false},"excerpt":{"rendered":"<ul>\n<li>Promjer: 21 cm<\/li>\n<li>Rok isporuke: 5-7 dana<\/li>\n<li>Proizvo\u0111a\u010d: HQ Invento<\/li>\n<p> &#8230; <\/p>\n","protected":false},"featured_media":2164,"comment_status":"open","ping_status":"closed","template":"","meta":[],"product_brand":[],"product_cat":[172,178,168],"product_tag":[330,321],"class_list":{"0":"post-2162","1":"product","2":"type-product","3":"status-publish","4":"has-post-thumbnail","6":"product_cat-frizbi","7":"product_cat-igre-na-otvorenom","8":"product_cat-sport","9":"product_tag-dzepni","10":"product_tag-frizbi","12":"first","13":"instock","14":"taxable","15":"shipping-taxable","16":"purchasable","17":"product-type-simple"},"_links":{"self":[{"href":"https:\/\/talenti.hr\/index.php?rest_route=\/wp\/v2\/product\/2162","targetHints":{"allow":["GET"]}}],"collection":[{"href":"https:\/\/talenti.hr\/index.php?rest_route=\/wp\/v2\/product"}],"about":[{"href":"https:\/\/talenti.hr\/index.php?rest_route=\/wp\/v2\/types\/product"}],"replies":[{"embeddable":true,"href":"https:\/\/talenti.hr\/index.php?rest_route=%2Fwp%2Fv2%2Fcomments&post=2162"}],"wp:featuredmedia":[{"embeddable":true,"href":"https:\/\/talenti.hr\/index.php?rest_route=\/wp\/v2\/media\/2164"}],"wp:attachment":[{"href":"https:\/\/talenti.hr\/index.php?rest_route=%2Fwp%2Fv2%2Fmedia&parent=2162"}],"wp:term":[{"taxonomy":"product_brand","embeddable":true,"href":"https:\/\/talenti.hr\/index.php?rest_route=%2Fwp%2Fv2%2Fproduct_brand&post=2162"},{"taxonomy":"product_cat","embeddable":true,"href":"https:\/\/talenti.hr\/index.php?rest_route=%2Fwp%2Fv2%2Fproduct_cat&post=2162"},{"taxonomy":"product_tag","embeddable":true,"href":"https:\/\/talenti.hr\/index.php?rest_route=%2Fwp%2Fv2%2Fproduct_tag&post=2162"}],"curies":[{"name":"wp","href":"https:\/\/api.w.org\/{rel}","templated":true}]}}