{"id":2172,"date":"2020-03-29T22:27:51","date_gmt":"2020-03-29T20:27:51","guid":{"rendered":"https:\/\/talenti.hr\/?post_type=product&#038;p=2172"},"modified":"2020-05-14T14:39:22","modified_gmt":"2020-05-14T12:39:22","slug":"gitara","status":"publish","type":"product","link":"https:\/\/talenti.hr\/?product=gitara","title":{"rendered":"Gitara"},"content":{"rendered":"<p>Pjevanje,plesanje i pozorno slu\u0161anje glazbe je uobi\u010dajeno za djecu.Mo\u017eemo ih razveseliti pravom dje\u010djom gitarom koja je napravljena od kvalitetnog bru\u0161enog drva i obojena eko bojama koje su prijateljske prema ljudima i okoli\u0161u i u skladu sa svim europskim standardima sigurnosti.Strune su prave metalne.<\/p>\n<p>Primjerena je za djecu od 3 godine dalje i dosta je velika.Omogu\u0107uje razvoj glazbene spretnosti i u\u017eivanje u glazbi i to \u0107e im biti prvi pravi glazbeni instrument kojeg \u0107e zapamtiti za cijeli \u017eivot.<\/p>\n<p>Upozorenje:artikal nije za djecu do 3 godine starosti !<\/p>\n","protected":false},"excerpt":{"rendered":"<ul>\n<li>Veli\u010dina: 64 x 22 x 6,3 cm<\/li>\n<li>Rok isporuke: 5-7 &#8230;<br \/>\n","protected":false},"featured_media":4054,"comment_status":"open","ping_status":"closed","template":"","meta":[],"product_brand":[],"product_cat":[166,160],"product_tag":[683,462],"class_list":{"0":"post-2172","1":"product","2":"type-product","3":"status-publish","4":"has-post-thumbnail","6":"product_cat-glazbala-za-djecu","7":"product_cat-igracke","8":"product_tag-gitara","9":"product_tag-janod","11":"first","12":"instock","13":"taxable","14":"shipping-taxable","15":"purchasable","16":"product-type-simple"},"_links":{"self":[{"href":"https:\/\/talenti.hr\/index.php?rest_route=\/wp\/v2\/product\/2172","targetHints":{"allow":["GET"]}}],"collection":[{"href":"https:\/\/talenti.hr\/index.php?rest_route=\/wp\/v2\/product"}],"about":[{"href":"https:\/\/talenti.hr\/index.php?rest_route=\/wp\/v2\/types\/product"}],"replies":[{"embeddable":true,"href":"https:\/\/talenti.hr\/index.php?rest_route=%2Fwp%2Fv2%2Fcomments&post=2172"}],"wp:featuredmedia":[{"embeddable":true,"href":"https:\/\/talenti.hr\/index.php?rest_route=\/wp\/v2\/media\/4054"}],"wp:attachment":[{"href":"https:\/\/talenti.hr\/index.php?rest_route=%2Fwp%2Fv2%2Fmedia&parent=2172"}],"wp:term":[{"taxonomy":"product_brand","embeddable":true,"href":"https:\/\/talenti.hr\/index.php?rest_route=%2Fwp%2Fv2%2Fproduct_brand&post=2172"},{"taxonomy":"product_cat","embeddable":true,"href":"https:\/\/talenti.hr\/index.php?rest_route=%2Fwp%2Fv2%2Fproduct_cat&post=2172"},{"taxonomy":"product_tag","embeddable":true,"href":"https:\/\/talenti.hr\/index.php?rest_route=%2Fwp%2Fv2%2Fproduct_tag&post=2172"}],"curies":[{"name":"wp","href":"https:\/\/api.w.org\/{rel}","templated":true}]}}