{"id":2181,"date":"2020-03-29T22:31:56","date_gmt":"2020-03-29T20:31:56","guid":{"rendered":"https:\/\/talenti.hr\/?post_type=product&#038;p=2181"},"modified":"2020-05-14T13:49:39","modified_gmt":"2020-05-14T11:49:39","slug":"ksilofon-mini","status":"publish","type":"product","link":"https:\/\/talenti.hr\/?product=ksilofon-mini","title":{"rendered":"Mini ksilofon"},"content":{"rendered":"<p>Drveni mini ksilofon s pet tonova i 2 drvena \u0161tapi\u0107a i lijepim &#8221; confetti &#8221; motivom.Preporu\u010deno za djecu od 12. mjeseci dalje.<\/p>\n","protected":false},"excerpt":{"rendered":"<ul>\n<li>Veli\u010dina: 13,5 x 14,5 x 3,5 cm<\/li>\n<li>Rok isporuke: 5-7 &#8230;<br \/>\n","protected":false},"featured_media":4043,"comment_status":"open","ping_status":"closed","template":"","meta":[],"product_brand":[],"product_cat":[166,160],"product_tag":[462,678,401],"class_list":{"0":"post-2181","1":"product","2":"type-product","3":"status-publish","4":"has-post-thumbnail","6":"product_cat-glazbala-za-djecu","7":"product_cat-igracke","8":"product_tag-janod","9":"product_tag-ksilofon","10":"product_tag-mini","12":"first","13":"instock","14":"taxable","15":"shipping-taxable","16":"purchasable","17":"product-type-simple"},"_links":{"self":[{"href":"https:\/\/talenti.hr\/index.php?rest_route=\/wp\/v2\/product\/2181","targetHints":{"allow":["GET"]}}],"collection":[{"href":"https:\/\/talenti.hr\/index.php?rest_route=\/wp\/v2\/product"}],"about":[{"href":"https:\/\/talenti.hr\/index.php?rest_route=\/wp\/v2\/types\/product"}],"replies":[{"embeddable":true,"href":"https:\/\/talenti.hr\/index.php?rest_route=%2Fwp%2Fv2%2Fcomments&post=2181"}],"wp:featuredmedia":[{"embeddable":true,"href":"https:\/\/talenti.hr\/index.php?rest_route=\/wp\/v2\/media\/4043"}],"wp:attachment":[{"href":"https:\/\/talenti.hr\/index.php?rest_route=%2Fwp%2Fv2%2Fmedia&parent=2181"}],"wp:term":[{"taxonomy":"product_brand","embeddable":true,"href":"https:\/\/talenti.hr\/index.php?rest_route=%2Fwp%2Fv2%2Fproduct_brand&post=2181"},{"taxonomy":"product_cat","embeddable":true,"href":"https:\/\/talenti.hr\/index.php?rest_route=%2Fwp%2Fv2%2Fproduct_cat&post=2181"},{"taxonomy":"product_tag","embeddable":true,"href":"https:\/\/talenti.hr\/index.php?rest_route=%2Fwp%2Fv2%2Fproduct_tag&post=2181"}],"curies":[{"name":"wp","href":"https:\/\/api.w.org\/{rel}","templated":true}]}}