{"id":2184,"date":"2020-03-29T22:33:18","date_gmt":"2020-03-29T20:33:18","guid":{"rendered":"https:\/\/talenti.hr\/?post_type=product&#038;p=2184"},"modified":"2020-05-13T17:27:39","modified_gmt":"2020-05-13T15:27:39","slug":"kisni-stap","status":"publish","type":"product","link":"https:\/\/talenti.hr\/?product=kisni-stap","title":{"rendered":"Ki\u0161ni \u0161tap"},"content":{"rendered":"<p>Ki\u0161ni \u0161tap je raznobojni drveni \u0161tap koji jednostavno polako okre\u0107emo i tako nastaje prijatan zvuk padaju\u0107e ki\u0161e.Nekada davno koristio se u obredima prizivanja ki\u0161e.<\/p>\n<p>Primjereno za djecu od 18 mjeseci dalje.<\/p>\n","protected":false},"excerpt":{"rendered":"<ul>\n<li>Veli\u010dina: 26 cm<\/li>\n<li>Rok isporuke: 5-7 dana<\/li>\n<li>Proizvo\u0111a\u010d: Janod<\/li>\n<\/ul>\n<p> &#8230; <\/p>\n","protected":false},"featured_media":4041,"comment_status":"open","ping_status":"closed","template":"","meta":[],"product_brand":[],"product_cat":[166,160],"product_tag":[462,676,677],"class_list":{"0":"post-2184","1":"product","2":"type-product","3":"status-publish","4":"has-post-thumbnail","6":"product_cat-glazbala-za-djecu","7":"product_cat-igracke","8":"product_tag-janod","9":"product_tag-kisni","10":"product_tag-stap","12":"first","13":"instock","14":"taxable","15":"shipping-taxable","16":"purchasable","17":"product-type-simple"},"_links":{"self":[{"href":"https:\/\/talenti.hr\/index.php?rest_route=\/wp\/v2\/product\/2184","targetHints":{"allow":["GET"]}}],"collection":[{"href":"https:\/\/talenti.hr\/index.php?rest_route=\/wp\/v2\/product"}],"about":[{"href":"https:\/\/talenti.hr\/index.php?rest_route=\/wp\/v2\/types\/product"}],"replies":[{"embeddable":true,"href":"https:\/\/talenti.hr\/index.php?rest_route=%2Fwp%2Fv2%2Fcomments&post=2184"}],"wp:featuredmedia":[{"embeddable":true,"href":"https:\/\/talenti.hr\/index.php?rest_route=\/wp\/v2\/media\/4041"}],"wp:attachment":[{"href":"https:\/\/talenti.hr\/index.php?rest_route=%2Fwp%2Fv2%2Fmedia&parent=2184"}],"wp:term":[{"taxonomy":"product_brand","embeddable":true,"href":"https:\/\/talenti.hr\/index.php?rest_route=%2Fwp%2Fv2%2Fproduct_brand&post=2184"},{"taxonomy":"product_cat","embeddable":true,"href":"https:\/\/talenti.hr\/index.php?rest_route=%2Fwp%2Fv2%2Fproduct_cat&post=2184"},{"taxonomy":"product_tag","embeddable":true,"href":"https:\/\/talenti.hr\/index.php?rest_route=%2Fwp%2Fv2%2Fproduct_tag&post=2184"}],"curies":[{"name":"wp","href":"https:\/\/api.w.org\/{rel}","templated":true}]}}