{"id":2190,"date":"2020-03-29T22:35:51","date_gmt":"2020-03-29T20:35:51","guid":{"rendered":"https:\/\/talenti.hr\/?post_type=product&#038;p=2190"},"modified":"2020-05-14T13:40:26","modified_gmt":"2020-05-14T11:40:26","slug":"truba","status":"publish","type":"product","link":"https:\/\/talenti.hr\/?product=truba","title":{"rendered":"Mini truba"},"content":{"rendered":"<p>Truba je lijep drveni instrument i odli\u010dna igra\u010dka za razvoj muzikalnosti kod djece od 2 godine i vi\u0161e.<\/p>\n","protected":false},"excerpt":{"rendered":"<ul>\n<li>Du\u017eina: 19 cm<\/li>\n<li>Rok isporuke: 5-7 dana<\/li>\n<li>Proizvo\u0111a\u010d: Janod<\/li>\n<\/ul>\n<p> &#8230; <\/p>\n","protected":false},"featured_media":4035,"comment_status":"open","ping_status":"closed","template":"","meta":[],"product_brand":[],"product_cat":[166,160],"product_tag":[462,401,674],"class_list":{"0":"post-2190","1":"product","2":"type-product","3":"status-publish","4":"has-post-thumbnail","6":"product_cat-glazbala-za-djecu","7":"product_cat-igracke","8":"product_tag-janod","9":"product_tag-mini","10":"product_tag-truba","12":"first","13":"instock","14":"taxable","15":"shipping-taxable","16":"purchasable","17":"product-type-simple"},"_links":{"self":[{"href":"https:\/\/talenti.hr\/index.php?rest_route=\/wp\/v2\/product\/2190","targetHints":{"allow":["GET"]}}],"collection":[{"href":"https:\/\/talenti.hr\/index.php?rest_route=\/wp\/v2\/product"}],"about":[{"href":"https:\/\/talenti.hr\/index.php?rest_route=\/wp\/v2\/types\/product"}],"replies":[{"embeddable":true,"href":"https:\/\/talenti.hr\/index.php?rest_route=%2Fwp%2Fv2%2Fcomments&post=2190"}],"wp:featuredmedia":[{"embeddable":true,"href":"https:\/\/talenti.hr\/index.php?rest_route=\/wp\/v2\/media\/4035"}],"wp:attachment":[{"href":"https:\/\/talenti.hr\/index.php?rest_route=%2Fwp%2Fv2%2Fmedia&parent=2190"}],"wp:term":[{"taxonomy":"product_brand","embeddable":true,"href":"https:\/\/talenti.hr\/index.php?rest_route=%2Fwp%2Fv2%2Fproduct_brand&post=2190"},{"taxonomy":"product_cat","embeddable":true,"href":"https:\/\/talenti.hr\/index.php?rest_route=%2Fwp%2Fv2%2Fproduct_cat&post=2190"},{"taxonomy":"product_tag","embeddable":true,"href":"https:\/\/talenti.hr\/index.php?rest_route=%2Fwp%2Fv2%2Fproduct_tag&post=2190"}],"curies":[{"name":"wp","href":"https:\/\/api.w.org\/{rel}","templated":true}]}}