{"id":2193,"date":"2020-03-29T22:37:23","date_gmt":"2020-03-29T20:37:23","guid":{"rendered":"https:\/\/talenti.hr\/?post_type=product&#038;p=2193"},"modified":"2020-05-14T14:29:49","modified_gmt":"2020-05-14T12:29:49","slug":"ukulele","status":"publish","type":"product","link":"https:\/\/talenti.hr\/?product=ukulele","title":{"rendered":"Ukulele"},"content":{"rendered":"<p>Pjevanje,plesanje i pozorno slu\u0161anje glazbe je uobi\u010dajeno za djecu.Mo\u017eemo ih razveseliti pravim dje\u010djim ukuleleom koji je napravljen od kvalitetnog bru\u0161enog drva i obojen eko bojama koje su prijateljske prema ljudima i okoli\u0161u i u skladu sa svim europskim standardima sigurnosti.Ima 4 najlonske strune.<\/p>\n<p>Upozorenje: ne preporu\u010duje se djeci mla\u0111oj od 3 godine !<\/p>\n","protected":false},"excerpt":{"rendered":"<ul>\n<li>Veli\u010dina: 50 x 18 x 7 cm<\/li>\n<li>Rok isporuke: 5-7 &#8230;<br \/>\n","protected":false},"featured_media":4051,"comment_status":"open","ping_status":"closed","template":"","meta":[],"product_brand":[],"product_cat":[166,160],"product_tag":[462,682],"class_list":{"0":"post-2193","1":"product","2":"type-product","3":"status-publish","4":"has-post-thumbnail","6":"product_cat-glazbala-za-djecu","7":"product_cat-igracke","8":"product_tag-janod","9":"product_tag-ukulele","11":"first","12":"instock","13":"taxable","14":"shipping-taxable","15":"purchasable","16":"product-type-simple"},"_links":{"self":[{"href":"https:\/\/talenti.hr\/index.php?rest_route=\/wp\/v2\/product\/2193","targetHints":{"allow":["GET"]}}],"collection":[{"href":"https:\/\/talenti.hr\/index.php?rest_route=\/wp\/v2\/product"}],"about":[{"href":"https:\/\/talenti.hr\/index.php?rest_route=\/wp\/v2\/types\/product"}],"replies":[{"embeddable":true,"href":"https:\/\/talenti.hr\/index.php?rest_route=%2Fwp%2Fv2%2Fcomments&post=2193"}],"wp:featuredmedia":[{"embeddable":true,"href":"https:\/\/talenti.hr\/index.php?rest_route=\/wp\/v2\/media\/4051"}],"wp:attachment":[{"href":"https:\/\/talenti.hr\/index.php?rest_route=%2Fwp%2Fv2%2Fmedia&parent=2193"}],"wp:term":[{"taxonomy":"product_brand","embeddable":true,"href":"https:\/\/talenti.hr\/index.php?rest_route=%2Fwp%2Fv2%2Fproduct_brand&post=2193"},{"taxonomy":"product_cat","embeddable":true,"href":"https:\/\/talenti.hr\/index.php?rest_route=%2Fwp%2Fv2%2Fproduct_cat&post=2193"},{"taxonomy":"product_tag","embeddable":true,"href":"https:\/\/talenti.hr\/index.php?rest_route=%2Fwp%2Fv2%2Fproduct_tag&post=2193"}],"curies":[{"name":"wp","href":"https:\/\/api.w.org\/{rel}","templated":true}]}}