{"id":2203,"date":"2020-03-29T22:44:22","date_gmt":"2020-03-29T20:44:22","guid":{"rendered":"https:\/\/talenti.hr\/?post_type=product&#038;p=2203"},"modified":"2020-04-30T13:38:11","modified_gmt":"2020-04-30T11:38:11","slug":"raketa-mini","status":"publish","type":"product","link":"https:\/\/talenti.hr\/?product=raketa-mini","title":{"rendered":"Mini raketa"},"content":{"rendered":"<p>Mini raketa je smanjena verzija originalnog Vortexa i ispu\u0161ta sli\u010dan zvuk kao &#8221; ve\u0107i brat &#8221; i omogu\u0107uje veliki domet. Napravljen je od kompaktne pjene i potpuno je siguran za djecu svih starosti.<\/p>\n<p>Pozor: Artikal nije za djecu do 3 godine starosti.Maleni dijelovi su opasni,jer ih djeca lako udahnu ili progutaju \u0161to mo\u017ee dovesti do gu\u0161enja.Prije nego ga dijete upotrebi treba odstraniti ambala\u017eu!<\/p>\n","protected":false},"excerpt":{"rendered":"<ul>\n<li>Veli\u010dina: 15 cm<\/li>\n<li>Rok isporuke: 5-7 dana<\/li>\n<li>Proizvo\u0111a\u010d: HQ Invento<\/li>\n<p> &#8230; <\/p>\n","protected":false},"featured_media":2205,"comment_status":"open","ping_status":"closed","template":"","meta":[],"product_brand":[],"product_cat":[178,168],"product_tag":[401,417],"class_list":{"0":"post-2203","1":"product","2":"type-product","3":"status-publish","4":"has-post-thumbnail","6":"product_cat-igre-na-otvorenom","7":"product_cat-sport","8":"product_tag-mini","9":"product_tag-raketa","11":"first","12":"instock","13":"taxable","14":"shipping-taxable","15":"purchasable","16":"product-type-simple"},"_links":{"self":[{"href":"https:\/\/talenti.hr\/index.php?rest_route=\/wp\/v2\/product\/2203","targetHints":{"allow":["GET"]}}],"collection":[{"href":"https:\/\/talenti.hr\/index.php?rest_route=\/wp\/v2\/product"}],"about":[{"href":"https:\/\/talenti.hr\/index.php?rest_route=\/wp\/v2\/types\/product"}],"replies":[{"embeddable":true,"href":"https:\/\/talenti.hr\/index.php?rest_route=%2Fwp%2Fv2%2Fcomments&post=2203"}],"wp:featuredmedia":[{"embeddable":true,"href":"https:\/\/talenti.hr\/index.php?rest_route=\/wp\/v2\/media\/2205"}],"wp:attachment":[{"href":"https:\/\/talenti.hr\/index.php?rest_route=%2Fwp%2Fv2%2Fmedia&parent=2203"}],"wp:term":[{"taxonomy":"product_brand","embeddable":true,"href":"https:\/\/talenti.hr\/index.php?rest_route=%2Fwp%2Fv2%2Fproduct_brand&post=2203"},{"taxonomy":"product_cat","embeddable":true,"href":"https:\/\/talenti.hr\/index.php?rest_route=%2Fwp%2Fv2%2Fproduct_cat&post=2203"},{"taxonomy":"product_tag","embeddable":true,"href":"https:\/\/talenti.hr\/index.php?rest_route=%2Fwp%2Fv2%2Fproduct_tag&post=2203"}],"curies":[{"name":"wp","href":"https:\/\/api.w.org\/{rel}","templated":true}]}}