{"id":2209,"date":"2020-03-29T22:47:49","date_gmt":"2020-03-29T20:47:49","guid":{"rendered":"https:\/\/talenti.hr\/?post_type=product&#038;p=2209"},"modified":"2020-04-30T11:59:48","modified_gmt":"2020-04-30T09:59:48","slug":"boce-balote-od-drva","status":"publish","type":"product","link":"https:\/\/talenti.hr\/?product=boce-balote-od-drva","title":{"rendered":"Kugle za bo\u0107anje"},"content":{"rendered":"<p>Bo\u0107e-balote ( kugle za bo\u0107anje ) od drva dolaze u kompletu sa 6 kugli i 1 malom kuglicom.To je jedna od najpopularnijih igara s kuglama na svijetu.<\/p>\n<p>Upozorenje: Proizvod nije za djecu mla\u0111u od 3 godine,jer ima manjih dijelova koji za njih mogu biti opasni.<\/p>\n","protected":false},"excerpt":{"rendered":"<ul>\n<li>Promjere: 7 cm<\/li>\n<li>Rok isporuke: 7-10 dana<\/li>\n<li>Proizvo\u0111a\u010d: Goki<\/li>\n<\/ul>\n<p> &#8230; <\/p>\n","protected":false},"featured_media":3391,"comment_status":"open","ping_status":"closed","template":"","meta":[],"product_brand":[],"product_cat":[178,168],"product_tag":[413,411,412,410],"class_list":{"0":"post-2209","1":"product","2":"type-product","3":"status-publish","4":"has-post-thumbnail","6":"product_cat-igre-na-otvorenom","7":"product_cat-sport","8":"product_tag-balote","9":"product_tag-bocanje","10":"product_tag-boce","11":"product_tag-kugle","13":"first","14":"instock","15":"taxable","16":"shipping-taxable","17":"purchasable","18":"product-type-simple"},"_links":{"self":[{"href":"https:\/\/talenti.hr\/index.php?rest_route=\/wp\/v2\/product\/2209","targetHints":{"allow":["GET"]}}],"collection":[{"href":"https:\/\/talenti.hr\/index.php?rest_route=\/wp\/v2\/product"}],"about":[{"href":"https:\/\/talenti.hr\/index.php?rest_route=\/wp\/v2\/types\/product"}],"replies":[{"embeddable":true,"href":"https:\/\/talenti.hr\/index.php?rest_route=%2Fwp%2Fv2%2Fcomments&post=2209"}],"wp:featuredmedia":[{"embeddable":true,"href":"https:\/\/talenti.hr\/index.php?rest_route=\/wp\/v2\/media\/3391"}],"wp:attachment":[{"href":"https:\/\/talenti.hr\/index.php?rest_route=%2Fwp%2Fv2%2Fmedia&parent=2209"}],"wp:term":[{"taxonomy":"product_brand","embeddable":true,"href":"https:\/\/talenti.hr\/index.php?rest_route=%2Fwp%2Fv2%2Fproduct_brand&post=2209"},{"taxonomy":"product_cat","embeddable":true,"href":"https:\/\/talenti.hr\/index.php?rest_route=%2Fwp%2Fv2%2Fproduct_cat&post=2209"},{"taxonomy":"product_tag","embeddable":true,"href":"https:\/\/talenti.hr\/index.php?rest_route=%2Fwp%2Fv2%2Fproduct_tag&post=2209"}],"curies":[{"name":"wp","href":"https:\/\/api.w.org\/{rel}","templated":true}]}}