{"id":2218,"date":"2020-03-29T22:54:55","date_gmt":"2020-03-29T20:54:55","guid":{"rendered":"https:\/\/talenti.hr\/?post_type=product&#038;p=2218"},"modified":"2020-04-30T13:44:24","modified_gmt":"2020-04-30T11:44:24","slug":"raketa-xl","status":"publish","type":"product","link":"https:\/\/talenti.hr\/?product=raketa-xl","title":{"rendered":"Raketa XL"},"content":{"rendered":"<p>Vrlo popularna igra koja je u Europu do\u0161la iz Amerike.Omogu\u0107uje zbilja duga\u010dak i stabilan domet i do 90 m sli\u010dno kao kod lopti za ameri\u010dki nogomet.Posebnost Rakete XL je da u letu ispu\u0161ta specifi\u010dan zvuk ili bolje re\u0107i pi\u0161ti,\u0161to upozorava na njegovo pribli\u017eavanje.Koristi se i u atletici za trening bacanja koplja.<\/p>\n<p>Pozor: Artikal nije za djecu do 3 godine starosti.Maleni dijelovi su opasni,jer ih djeca lako udahnu ili progutaju \u0161to mo\u017ee dovesti do gu\u0161enja.Prije nego ga dijete upotrebi treba odstraniti ambala\u017eu!<\/p>\n","protected":false},"excerpt":{"rendered":"<ul>\n<li>Te\u017eina: 110 g<\/li>\n<li>Du\u017eina: 32 cm<\/li>\n<li>Rok isporuke: 5-7 dana<\/li>\n<p> &#8230; <\/p>\n","protected":false},"featured_media":2220,"comment_status":"open","ping_status":"closed","template":"","meta":[],"product_brand":[],"product_cat":[178,168],"product_tag":[417,418],"class_list":{"0":"post-2218","1":"product","2":"type-product","3":"status-publish","4":"has-post-thumbnail","6":"product_cat-igre-na-otvorenom","7":"product_cat-sport","8":"product_tag-raketa","9":"product_tag-vortex","11":"first","12":"instock","13":"taxable","14":"shipping-taxable","15":"purchasable","16":"product-type-simple"},"_links":{"self":[{"href":"https:\/\/talenti.hr\/index.php?rest_route=\/wp\/v2\/product\/2218","targetHints":{"allow":["GET"]}}],"collection":[{"href":"https:\/\/talenti.hr\/index.php?rest_route=\/wp\/v2\/product"}],"about":[{"href":"https:\/\/talenti.hr\/index.php?rest_route=\/wp\/v2\/types\/product"}],"replies":[{"embeddable":true,"href":"https:\/\/talenti.hr\/index.php?rest_route=%2Fwp%2Fv2%2Fcomments&post=2218"}],"wp:featuredmedia":[{"embeddable":true,"href":"https:\/\/talenti.hr\/index.php?rest_route=\/wp\/v2\/media\/2220"}],"wp:attachment":[{"href":"https:\/\/talenti.hr\/index.php?rest_route=%2Fwp%2Fv2%2Fmedia&parent=2218"}],"wp:term":[{"taxonomy":"product_brand","embeddable":true,"href":"https:\/\/talenti.hr\/index.php?rest_route=%2Fwp%2Fv2%2Fproduct_brand&post=2218"},{"taxonomy":"product_cat","embeddable":true,"href":"https:\/\/talenti.hr\/index.php?rest_route=%2Fwp%2Fv2%2Fproduct_cat&post=2218"},{"taxonomy":"product_tag","embeddable":true,"href":"https:\/\/talenti.hr\/index.php?rest_route=%2Fwp%2Fv2%2Fproduct_tag&post=2218"}],"curies":[{"name":"wp","href":"https:\/\/api.w.org\/{rel}","templated":true}]}}