{"id":2227,"date":"2020-03-29T22:59:14","date_gmt":"2020-03-29T20:59:14","guid":{"rendered":"https:\/\/talenti.hr\/?post_type=product&#038;p=2227"},"modified":"2020-07-23T13:57:36","modified_gmt":"2020-07-23T11:57:36","slug":"hula-hoop-dekor-100cm-20mm","status":"publish","type":"product","link":"https:\/\/talenti.hr\/?product=hula-hoop-dekor-100cm-20mm","title":{"rendered":"Hula Hoop Deco sklopivi"},"content":{"rendered":"<p>Izvrstan sklopivi hula hoop koji je primjeren za po\u010detnike i za iskusne hoopere ne\u0161to je te\u017ei od verzije Perfect. Mo\u017ee se preklopiti na pribli\u017eno 50% svoje veli\u010dine.<\/p>\n","protected":false},"excerpt":{"rendered":"<ul>\n<li>Te\u017eina: 375 g<\/li>\n<li>Opseg: 100 cm<\/li>\n<li>Promjer: 20 mm<\/li>\n<li>Boje: &#8230;<br \/>\n","protected":false},"featured_media":3441,"comment_status":"open","ping_status":"closed","template":"","meta":[],"product_brand":[],"product_cat":[178,183,156,180,168,149],"product_tag":[435,288,287,437],"class_list":{"0":"post-2227","1":"product","2":"type-product","3":"status-publish","4":"has-post-thumbnail","6":"product_cat-igre-na-otvorenom","7":"product_cat-igre-spretnosti","8":"product_cat-razni-zonglerski-rekviziti","9":"product_cat-razno","10":"product_cat-sport","11":"product_cat-zongliranje","12":"product_tag-deco","13":"product_tag-hoop","14":"product_tag-hula","15":"product_tag-sklopivi","17":"first","18":"instock","19":"taxable","20":"shipping-taxable","21":"purchasable","22":"product-type-simple"},"_links":{"self":[{"href":"https:\/\/talenti.hr\/index.php?rest_route=\/wp\/v2\/product\/2227","targetHints":{"allow":["GET"]}}],"collection":[{"href":"https:\/\/talenti.hr\/index.php?rest_route=\/wp\/v2\/product"}],"about":[{"href":"https:\/\/talenti.hr\/index.php?rest_route=\/wp\/v2\/types\/product"}],"replies":[{"embeddable":true,"href":"https:\/\/talenti.hr\/index.php?rest_route=%2Fwp%2Fv2%2Fcomments&post=2227"}],"wp:featuredmedia":[{"embeddable":true,"href":"https:\/\/talenti.hr\/index.php?rest_route=\/wp\/v2\/media\/3441"}],"wp:attachment":[{"href":"https:\/\/talenti.hr\/index.php?rest_route=%2Fwp%2Fv2%2Fmedia&parent=2227"}],"wp:term":[{"taxonomy":"product_brand","embeddable":true,"href":"https:\/\/talenti.hr\/index.php?rest_route=%2Fwp%2Fv2%2Fproduct_brand&post=2227"},{"taxonomy":"product_cat","embeddable":true,"href":"https:\/\/talenti.hr\/index.php?rest_route=%2Fwp%2Fv2%2Fproduct_cat&post=2227"},{"taxonomy":"product_tag","embeddable":true,"href":"https:\/\/talenti.hr\/index.php?rest_route=%2Fwp%2Fv2%2Fproduct_tag&post=2227"}],"curies":[{"name":"wp","href":"https:\/\/api.w.org\/{rel}","templated":true}]}}