{"id":2230,"date":"2020-03-29T23:01:10","date_gmt":"2020-03-29T21:01:10","guid":{"rendered":"https:\/\/talenti.hr\/?post_type=product&#038;p=2230"},"modified":"2020-04-30T19:04:17","modified_gmt":"2020-04-30T17:04:17","slug":"paddleball","status":"publish","type":"product","link":"https:\/\/talenti.hr\/?product=paddleball","title":{"rendered":"Paddleball"},"content":{"rendered":"<p>Paddleball je jako zabavan i jednostavan artikl. Predstavite si da imate u rukama reket koji nikad ne miruje. Loptica se neprestano vra\u0107a i vi je morate neprestano odbijati. I s tim rekvizitom je mogu\u0107e izva\u0111ati razli\u010dite trikove, a za neke je potrebno i ne\u0161to spretnosti.<\/p>\n<p>Upozorenje: nije primjeren za djecu mla\u0111u od 3 godine<\/p>\n","protected":false},"excerpt":{"rendered":"<ul>\n<li>Boje: \u017euta,plava<\/li>\n<li>Proizvo\u0111a\u010d: Active People<\/li>\n<\/ul>\n<p> &nbsp; &#8230; <\/p>\n","protected":false},"featured_media":2232,"comment_status":"open","ping_status":"closed","template":"","meta":[],"product_brand":[],"product_cat":[178,183,180,168],"product_tag":[438],"class_list":{"0":"post-2230","1":"product","2":"type-product","3":"status-publish","4":"has-post-thumbnail","6":"product_cat-igre-na-otvorenom","7":"product_cat-igre-spretnosti","8":"product_cat-razno","9":"product_cat-sport","10":"product_tag-paddleball","12":"first","13":"instock","14":"taxable","15":"shipping-taxable","16":"purchasable","17":"product-type-simple"},"_links":{"self":[{"href":"https:\/\/talenti.hr\/index.php?rest_route=\/wp\/v2\/product\/2230","targetHints":{"allow":["GET"]}}],"collection":[{"href":"https:\/\/talenti.hr\/index.php?rest_route=\/wp\/v2\/product"}],"about":[{"href":"https:\/\/talenti.hr\/index.php?rest_route=\/wp\/v2\/types\/product"}],"replies":[{"embeddable":true,"href":"https:\/\/talenti.hr\/index.php?rest_route=%2Fwp%2Fv2%2Fcomments&post=2230"}],"wp:featuredmedia":[{"embeddable":true,"href":"https:\/\/talenti.hr\/index.php?rest_route=\/wp\/v2\/media\/2232"}],"wp:attachment":[{"href":"https:\/\/talenti.hr\/index.php?rest_route=%2Fwp%2Fv2%2Fmedia&parent=2230"}],"wp:term":[{"taxonomy":"product_brand","embeddable":true,"href":"https:\/\/talenti.hr\/index.php?rest_route=%2Fwp%2Fv2%2Fproduct_brand&post=2230"},{"taxonomy":"product_cat","embeddable":true,"href":"https:\/\/talenti.hr\/index.php?rest_route=%2Fwp%2Fv2%2Fproduct_cat&post=2230"},{"taxonomy":"product_tag","embeddable":true,"href":"https:\/\/talenti.hr\/index.php?rest_route=%2Fwp%2Fv2%2Fproduct_tag&post=2230"}],"curies":[{"name":"wp","href":"https:\/\/api.w.org\/{rel}","templated":true}]}}