{"id":2238,"date":"2020-03-29T23:11:57","date_gmt":"2020-03-29T21:11:57","guid":{"rendered":"https:\/\/talenti.hr\/?post_type=product&#038;p=2238"},"modified":"2020-05-02T12:17:40","modified_gmt":"2020-05-02T10:17:40","slug":"ufo-standard-speed-cup-set","status":"publish","type":"product","link":"https:\/\/talenti.hr\/?product=ufo-standard-speed-cup-set","title":{"rendered":"UFO Standard Speed Cup set"},"content":{"rendered":"<p>UFO Standard Speed Cup set je komplet od 12 posudica sa rupicama koje se mogu slo\u017eiti u piramidu.U kompletu je i nosa\u010d koji omogu\u0107uje brzo skupljanje,spremanje i prijevoz posudica.<\/p>\n<p>Upozorenje:Artikal nije za djecu do 3 godine starosti.<\/p>\n","protected":false},"excerpt":{"rendered":"<ul>\n<li>Rok isporuke: 5-7 dana<\/li>\n<li>Proizvo\u0111a\u010d: Juggle Dream<\/li>\n<\/ul>\n<p> &#8230; <\/p>\n","protected":false},"featured_media":3495,"comment_status":"open","ping_status":"closed","template":"","meta":[],"product_brand":[],"product_cat":[183,180],"product_tag":[465,276,466,304,464],"class_list":{"0":"post-2238","1":"product","2":"type-product","3":"status-publish","4":"has-post-thumbnail","6":"product_cat-igre-spretnosti","7":"product_cat-razno","8":"product_tag-cup","9":"product_tag-set","10":"product_tag-speed","11":"product_tag-standard","12":"product_tag-ufo","14":"first","15":"instock","16":"taxable","17":"shipping-taxable","18":"purchasable","19":"product-type-simple"},"_links":{"self":[{"href":"https:\/\/talenti.hr\/index.php?rest_route=\/wp\/v2\/product\/2238","targetHints":{"allow":["GET"]}}],"collection":[{"href":"https:\/\/talenti.hr\/index.php?rest_route=\/wp\/v2\/product"}],"about":[{"href":"https:\/\/talenti.hr\/index.php?rest_route=\/wp\/v2\/types\/product"}],"replies":[{"embeddable":true,"href":"https:\/\/talenti.hr\/index.php?rest_route=%2Fwp%2Fv2%2Fcomments&post=2238"}],"wp:featuredmedia":[{"embeddable":true,"href":"https:\/\/talenti.hr\/index.php?rest_route=\/wp\/v2\/media\/3495"}],"wp:attachment":[{"href":"https:\/\/talenti.hr\/index.php?rest_route=%2Fwp%2Fv2%2Fmedia&parent=2238"}],"wp:term":[{"taxonomy":"product_brand","embeddable":true,"href":"https:\/\/talenti.hr\/index.php?rest_route=%2Fwp%2Fv2%2Fproduct_brand&post=2238"},{"taxonomy":"product_cat","embeddable":true,"href":"https:\/\/talenti.hr\/index.php?rest_route=%2Fwp%2Fv2%2Fproduct_cat&post=2238"},{"taxonomy":"product_tag","embeddable":true,"href":"https:\/\/talenti.hr\/index.php?rest_route=%2Fwp%2Fv2%2Fproduct_tag&post=2238"}],"curies":[{"name":"wp","href":"https:\/\/api.w.org\/{rel}","templated":true}]}}