{"id":2241,"date":"2020-03-29T23:14:36","date_gmt":"2020-03-29T21:14:36","guid":{"rendered":"https:\/\/talenti.hr\/?post_type=product&#038;p=2241"},"modified":"2020-05-02T12:11:19","modified_gmt":"2020-05-02T10:11:19","slug":"rollerball","status":"publish","type":"product","link":"https:\/\/talenti.hr\/?product=rollerball","title":{"rendered":"Rollerball"},"content":{"rendered":"<p>Rollerball je u\u010dinkovit rekvizit za ja\u010danje zape\u0161\u0107a i mi\u0161i\u0107a ruke i ramena.Ritmi\u010dnim kru\u017enim gibanjem dosti\u017ee i do 12000 okretaja u minuti \u0161to je velika centrifugalna sila.Napravljen je iz \u010dvrste plastike.Primjeren je za rekreaciju,igra\u010de tenisa,penja\u010de i mnoge druge sporta\u0161e kao i za rehabilitaciju povreda ruke.<\/p>\n<p>Upozorenje: nije primjereno za djecu do 3 godine<\/p>\n","protected":false},"excerpt":{"rendered":"<ul>\n<li>Te\u017eina: 220 g<\/li>\n<li>Promjer: 65 mm<\/li>\n<li>Rok isporuke: 5-7 dana<\/li>\n<p> &#8230; <\/p>\n","protected":false},"featured_media":2243,"comment_status":"open","ping_status":"closed","template":"","meta":[],"product_brand":[],"product_cat":[183,180],"product_tag":[463],"class_list":{"0":"post-2241","1":"product","2":"type-product","3":"status-publish","4":"has-post-thumbnail","6":"product_cat-igre-spretnosti","7":"product_cat-razno","8":"product_tag-rollerball","10":"first","11":"instock","12":"taxable","13":"shipping-taxable","14":"purchasable","15":"product-type-simple"},"_links":{"self":[{"href":"https:\/\/talenti.hr\/index.php?rest_route=\/wp\/v2\/product\/2241","targetHints":{"allow":["GET"]}}],"collection":[{"href":"https:\/\/talenti.hr\/index.php?rest_route=\/wp\/v2\/product"}],"about":[{"href":"https:\/\/talenti.hr\/index.php?rest_route=\/wp\/v2\/types\/product"}],"replies":[{"embeddable":true,"href":"https:\/\/talenti.hr\/index.php?rest_route=%2Fwp%2Fv2%2Fcomments&post=2241"}],"wp:featuredmedia":[{"embeddable":true,"href":"https:\/\/talenti.hr\/index.php?rest_route=\/wp\/v2\/media\/2243"}],"wp:attachment":[{"href":"https:\/\/talenti.hr\/index.php?rest_route=%2Fwp%2Fv2%2Fmedia&parent=2241"}],"wp:term":[{"taxonomy":"product_brand","embeddable":true,"href":"https:\/\/talenti.hr\/index.php?rest_route=%2Fwp%2Fv2%2Fproduct_brand&post=2241"},{"taxonomy":"product_cat","embeddable":true,"href":"https:\/\/talenti.hr\/index.php?rest_route=%2Fwp%2Fv2%2Fproduct_cat&post=2241"},{"taxonomy":"product_tag","embeddable":true,"href":"https:\/\/talenti.hr\/index.php?rest_route=%2Fwp%2Fv2%2Fproduct_tag&post=2241"}],"curies":[{"name":"wp","href":"https:\/\/api.w.org\/{rel}","templated":true}]}}