{"id":2244,"date":"2020-03-29T23:16:13","date_gmt":"2020-03-29T21:16:13","guid":{"rendered":"https:\/\/talenti.hr\/?post_type=product&#038;p=2244"},"modified":"2020-05-02T12:19:54","modified_gmt":"2020-05-02T10:19:54","slug":"fidgets-spinner","status":"publish","type":"product","link":"https:\/\/talenti.hr\/?product=fidgets-spinner","title":{"rendered":"Fidget Spinner"},"content":{"rendered":"<p>Posebna vrsta vrtilice na prstu koja je zaludila Ameriku i sada i Europu.Poma\u017ee mladima i mladima u srcu pri prevladavanju stresa,pobolj\u0161avanju koncentracije i motorike.Istovremeno nudi obilje zabave pri izvo\u0111enju raznovrsnih trikova.<\/p>\n<p>UPOZORENJE:artikl nije za djecu do 3 godine starosti,jer sadr\u017ei malene dijelove koji su opasni,jer ih mogu udahnuti ili progutati.Prije upotrebe skinuti ambala\u017eu,a ove informacije spremiti za kasniju upotrebu.<\/p>\n","protected":false},"excerpt":{"rendered":"<ul>\n<li>Rok isporuke: 5-7 dana<\/li>\n<li>Proizvo\u0111a\u010d: HQ Invento<\/li>\n<\/ul>\n<p> &#8230; <\/p>\n","protected":false},"featured_media":2246,"comment_status":"open","ping_status":"closed","template":"","meta":[],"product_brand":[],"product_cat":[183,180],"product_tag":[467,468],"class_list":{"0":"post-2244","1":"product","2":"type-product","3":"status-publish","4":"has-post-thumbnail","6":"product_cat-igre-spretnosti","7":"product_cat-razno","8":"product_tag-fidget","9":"product_tag-spinner","11":"first","12":"instock","13":"taxable","14":"shipping-taxable","15":"purchasable","16":"product-type-simple"},"_links":{"self":[{"href":"https:\/\/talenti.hr\/index.php?rest_route=\/wp\/v2\/product\/2244","targetHints":{"allow":["GET"]}}],"collection":[{"href":"https:\/\/talenti.hr\/index.php?rest_route=\/wp\/v2\/product"}],"about":[{"href":"https:\/\/talenti.hr\/index.php?rest_route=\/wp\/v2\/types\/product"}],"replies":[{"embeddable":true,"href":"https:\/\/talenti.hr\/index.php?rest_route=%2Fwp%2Fv2%2Fcomments&post=2244"}],"wp:featuredmedia":[{"embeddable":true,"href":"https:\/\/talenti.hr\/index.php?rest_route=\/wp\/v2\/media\/2246"}],"wp:attachment":[{"href":"https:\/\/talenti.hr\/index.php?rest_route=%2Fwp%2Fv2%2Fmedia&parent=2244"}],"wp:term":[{"taxonomy":"product_brand","embeddable":true,"href":"https:\/\/talenti.hr\/index.php?rest_route=%2Fwp%2Fv2%2Fproduct_brand&post=2244"},{"taxonomy":"product_cat","embeddable":true,"href":"https:\/\/talenti.hr\/index.php?rest_route=%2Fwp%2Fv2%2Fproduct_cat&post=2244"},{"taxonomy":"product_tag","embeddable":true,"href":"https:\/\/talenti.hr\/index.php?rest_route=%2Fwp%2Fv2%2Fproduct_tag&post=2244"}],"curies":[{"name":"wp","href":"https:\/\/api.w.org\/{rel}","templated":true}]}}