{"id":2250,"date":"2020-03-29T23:20:00","date_gmt":"2020-03-29T21:20:00","guid":{"rendered":"https:\/\/talenti.hr\/?post_type=product&#038;p=2250"},"modified":"2020-07-22T09:53:04","modified_gmt":"2020-07-22T07:53:04","slug":"kineski-tanjur","status":"publish","type":"product","link":"https:\/\/talenti.hr\/?product=kineski-tanjur","title":{"rendered":"Kineski tanjur sa palicom"},"content":{"rendered":"<p>Kineski tanjur za \u017eongliranje napravljen je od mekane plastike pa mo\u017ee izdr\u017eati padove.Dobra vje\u017eba za ru\u010dni zglob.U cijenu je ura\u010dunata i palica s kojom ga vrtimo. Dostupan i u Moon verziji koja svijetli u mraku.<\/p>\n","protected":false},"excerpt":{"rendered":"<ul>\n<li>Te\u017eina: 90 g<\/li>\n<li>Promjer: 24 cm<\/li>\n<li>Boje: \u017euta,naran\u010dasta,crvena,zelena,plava<\/li>\n<li>Rok isporuke: &#8230;<br \/>\n","protected":false},"featured_media":3500,"comment_status":"open","ping_status":"closed","template":"","meta":[],"product_brand":[],"product_cat":[183,156,180,149],"product_tag":[469,306,470],"class_list":{"0":"post-2250","1":"product","2":"type-product","3":"status-publish","4":"has-post-thumbnail","6":"product_cat-igre-spretnosti","7":"product_cat-razni-zonglerski-rekviziti","8":"product_cat-razno","9":"product_cat-zongliranje","10":"product_tag-kineski","11":"product_tag-palica","12":"product_tag-tanjur","14":"first","15":"instock","16":"taxable","17":"shipping-taxable","18":"purchasable","19":"product-type-simple"},"_links":{"self":[{"href":"https:\/\/talenti.hr\/index.php?rest_route=\/wp\/v2\/product\/2250","targetHints":{"allow":["GET"]}}],"collection":[{"href":"https:\/\/talenti.hr\/index.php?rest_route=\/wp\/v2\/product"}],"about":[{"href":"https:\/\/talenti.hr\/index.php?rest_route=\/wp\/v2\/types\/product"}],"replies":[{"embeddable":true,"href":"https:\/\/talenti.hr\/index.php?rest_route=%2Fwp%2Fv2%2Fcomments&post=2250"}],"wp:featuredmedia":[{"embeddable":true,"href":"https:\/\/talenti.hr\/index.php?rest_route=\/wp\/v2\/media\/3500"}],"wp:attachment":[{"href":"https:\/\/talenti.hr\/index.php?rest_route=%2Fwp%2Fv2%2Fmedia&parent=2250"}],"wp:term":[{"taxonomy":"product_brand","embeddable":true,"href":"https:\/\/talenti.hr\/index.php?rest_route=%2Fwp%2Fv2%2Fproduct_brand&post=2250"},{"taxonomy":"product_cat","embeddable":true,"href":"https:\/\/talenti.hr\/index.php?rest_route=%2Fwp%2Fv2%2Fproduct_cat&post=2250"},{"taxonomy":"product_tag","embeddable":true,"href":"https:\/\/talenti.hr\/index.php?rest_route=%2Fwp%2Fv2%2Fproduct_tag&post=2250"}],"curies":[{"name":"wp","href":"https:\/\/api.w.org\/{rel}","templated":true}]}}