{"id":2252,"date":"2020-03-29T23:22:19","date_gmt":"2020-03-29T21:22:19","guid":{"rendered":"https:\/\/talenti.hr\/?post_type=product&#038;p=2252"},"modified":"2020-05-02T11:27:12","modified_gmt":"2020-05-02T09:27:12","slug":"addict-a-ball-s","status":"publish","type":"product","link":"https:\/\/talenti.hr\/?product=addict-a-ball-s","title":{"rendered":"Addict-A-Ball S"},"content":{"rendered":"<p>Addict-A-Ball S najnoviji je izum me\u0111u igrama spretnosti.Radi se o 3-dimenzionalnom labirintu u kugli.Metalnu kuglicu treba sprovesti kroz 100 stanica razli\u010ditih te\u017einskih stupnjeva.Ho\u0107e li vam uspjeti!Promjer je 14cm.<\/p>\n","protected":false},"excerpt":{"rendered":"<ul>\n<li>Rok isporuke:_ 5-7 dana<\/li>\n<li>Proizvo\u0111a\u010d: HQ Invento<\/li>\n<\/ul>\n<p> &nbsp; &#8230; <\/p>\n","protected":false},"featured_media":2254,"comment_status":"open","ping_status":"closed","template":"","meta":[],"product_brand":[],"product_cat":[183,180],"product_tag":[457,458],"class_list":{"0":"post-2252","1":"product","2":"type-product","3":"status-publish","4":"has-post-thumbnail","6":"product_cat-igre-spretnosti","7":"product_cat-razno","8":"product_tag-addict","9":"product_tag-ball","11":"first","12":"instock","13":"taxable","14":"shipping-taxable","15":"purchasable","16":"product-type-simple"},"_links":{"self":[{"href":"https:\/\/talenti.hr\/index.php?rest_route=\/wp\/v2\/product\/2252","targetHints":{"allow":["GET"]}}],"collection":[{"href":"https:\/\/talenti.hr\/index.php?rest_route=\/wp\/v2\/product"}],"about":[{"href":"https:\/\/talenti.hr\/index.php?rest_route=\/wp\/v2\/types\/product"}],"replies":[{"embeddable":true,"href":"https:\/\/talenti.hr\/index.php?rest_route=%2Fwp%2Fv2%2Fcomments&post=2252"}],"wp:featuredmedia":[{"embeddable":true,"href":"https:\/\/talenti.hr\/index.php?rest_route=\/wp\/v2\/media\/2254"}],"wp:attachment":[{"href":"https:\/\/talenti.hr\/index.php?rest_route=%2Fwp%2Fv2%2Fmedia&parent=2252"}],"wp:term":[{"taxonomy":"product_brand","embeddable":true,"href":"https:\/\/talenti.hr\/index.php?rest_route=%2Fwp%2Fv2%2Fproduct_brand&post=2252"},{"taxonomy":"product_cat","embeddable":true,"href":"https:\/\/talenti.hr\/index.php?rest_route=%2Fwp%2Fv2%2Fproduct_cat&post=2252"},{"taxonomy":"product_tag","embeddable":true,"href":"https:\/\/talenti.hr\/index.php?rest_route=%2Fwp%2Fv2%2Fproduct_tag&post=2252"}],"curies":[{"name":"wp","href":"https:\/\/api.w.org\/{rel}","templated":true}]}}