{"id":2255,"date":"2020-03-29T23:24:23","date_gmt":"2020-03-29T21:24:23","guid":{"rendered":"https:\/\/talenti.hr\/?post_type=product&#038;p=2255"},"modified":"2020-05-02T11:29:41","modified_gmt":"2020-05-02T09:29:41","slug":"addict-a-ball-l","status":"publish","type":"product","link":"https:\/\/talenti.hr\/?product=addict-a-ball-l","title":{"rendered":"Addict-A-Ball L"},"content":{"rendered":"<p>Addict-A-Ball L je najnoviji izum me\u0111u igrama spretnosti.Radi se o 3 dimenzionalnom labirintu u kugli.Metalnu kuglicu treba sprovesti kroz 138 stanica razli\u010ditih te\u017einskih stupnjeva.Ho\u0107e li vam uspjeti!Promjer je 20cm.<\/p>\n","protected":false},"excerpt":{"rendered":"<ul>\n<li>Rok isporuke: 5-7 dana<\/li>\n<li>Proizvo\u0111a\u010d: HQ Invento<\/li>\n<\/ul>\n<p> &nbsp; &#8230; <\/p>\n","protected":false},"featured_media":2257,"comment_status":"open","ping_status":"closed","template":"","meta":[],"product_brand":[],"product_cat":[183,180],"product_tag":[457,458],"class_list":{"0":"post-2255","1":"product","2":"type-product","3":"status-publish","4":"has-post-thumbnail","6":"product_cat-igre-spretnosti","7":"product_cat-razno","8":"product_tag-addict","9":"product_tag-ball","11":"first","12":"instock","13":"taxable","14":"shipping-taxable","15":"purchasable","16":"product-type-simple"},"_links":{"self":[{"href":"https:\/\/talenti.hr\/index.php?rest_route=\/wp\/v2\/product\/2255","targetHints":{"allow":["GET"]}}],"collection":[{"href":"https:\/\/talenti.hr\/index.php?rest_route=\/wp\/v2\/product"}],"about":[{"href":"https:\/\/talenti.hr\/index.php?rest_route=\/wp\/v2\/types\/product"}],"replies":[{"embeddable":true,"href":"https:\/\/talenti.hr\/index.php?rest_route=%2Fwp%2Fv2%2Fcomments&post=2255"}],"wp:featuredmedia":[{"embeddable":true,"href":"https:\/\/talenti.hr\/index.php?rest_route=\/wp\/v2\/media\/2257"}],"wp:attachment":[{"href":"https:\/\/talenti.hr\/index.php?rest_route=%2Fwp%2Fv2%2Fmedia&parent=2255"}],"wp:term":[{"taxonomy":"product_brand","embeddable":true,"href":"https:\/\/talenti.hr\/index.php?rest_route=%2Fwp%2Fv2%2Fproduct_brand&post=2255"},{"taxonomy":"product_cat","embeddable":true,"href":"https:\/\/talenti.hr\/index.php?rest_route=%2Fwp%2Fv2%2Fproduct_cat&post=2255"},{"taxonomy":"product_tag","embeddable":true,"href":"https:\/\/talenti.hr\/index.php?rest_route=%2Fwp%2Fv2%2Fproduct_tag&post=2255"}],"curies":[{"name":"wp","href":"https:\/\/api.w.org\/{rel}","templated":true}]}}