{"id":2258,"date":"2020-03-29T23:26:36","date_gmt":"2020-03-29T21:26:36","guid":{"rendered":"https:\/\/talenti.hr\/?post_type=product&#038;p=2258"},"modified":"2020-05-01T14:01:02","modified_gmt":"2020-05-01T12:01:02","slug":"indiaca-2","status":"publish","type":"product","link":"https:\/\/talenti.hr\/?product=indiaca-2","title":{"rendered":"Indiaca"},"content":{"rendered":"<p>Predstavljamo vam novost koja je u svijetu ve\u0107 priznat sport koji se zove Indiaca.Igra je jednostavna,Indiacu dodajemo na razne na\u010dine ( nogom,rukom,glavom ) s ciljem da ne padne na pod.Postoji vi\u0161e na\u010dina igranja od turnirskog kada se postavi mre\u017ea i ome\u0111i polje sli\u010dno kao kod badmintona ili do jednostavno zabavnog dodavanja kao pri igri s footbagom.<\/p>\n","protected":false},"excerpt":{"rendered":"<ul>\n<li>Rok isporuke: 5-7 dana<\/li>\n<li>Proizvo\u0111a\u010d: HQ Invento<\/li>\n<\/ul>\n<p> &nbsp; &#8230; <\/p>\n","protected":false},"featured_media":2223,"comment_status":"open","ping_status":"closed","template":"","meta":[],"product_brand":[],"product_cat":[178,183,180,168],"product_tag":[409],"class_list":{"0":"post-2258","1":"product","2":"type-product","3":"status-publish","4":"has-post-thumbnail","6":"product_cat-igre-na-otvorenom","7":"product_cat-igre-spretnosti","8":"product_cat-razno","9":"product_cat-sport","10":"product_tag-indiaca","12":"first","13":"instock","14":"taxable","15":"shipping-taxable","16":"purchasable","17":"product-type-simple"},"_links":{"self":[{"href":"https:\/\/talenti.hr\/index.php?rest_route=\/wp\/v2\/product\/2258","targetHints":{"allow":["GET"]}}],"collection":[{"href":"https:\/\/talenti.hr\/index.php?rest_route=\/wp\/v2\/product"}],"about":[{"href":"https:\/\/talenti.hr\/index.php?rest_route=\/wp\/v2\/types\/product"}],"replies":[{"embeddable":true,"href":"https:\/\/talenti.hr\/index.php?rest_route=%2Fwp%2Fv2%2Fcomments&post=2258"}],"wp:featuredmedia":[{"embeddable":true,"href":"https:\/\/talenti.hr\/index.php?rest_route=\/wp\/v2\/media\/2223"}],"wp:attachment":[{"href":"https:\/\/talenti.hr\/index.php?rest_route=%2Fwp%2Fv2%2Fmedia&parent=2258"}],"wp:term":[{"taxonomy":"product_brand","embeddable":true,"href":"https:\/\/talenti.hr\/index.php?rest_route=%2Fwp%2Fv2%2Fproduct_brand&post=2258"},{"taxonomy":"product_cat","embeddable":true,"href":"https:\/\/talenti.hr\/index.php?rest_route=%2Fwp%2Fv2%2Fproduct_cat&post=2258"},{"taxonomy":"product_tag","embeddable":true,"href":"https:\/\/talenti.hr\/index.php?rest_route=%2Fwp%2Fv2%2Fproduct_tag&post=2258"}],"curies":[{"name":"wp","href":"https:\/\/api.w.org\/{rel}","templated":true}]}}