{"id":2260,"date":"2020-03-29T23:28:11","date_gmt":"2020-03-29T21:28:11","guid":{"rendered":"https:\/\/talenti.hr\/?post_type=product&#038;p=2260"},"modified":"2020-03-30T14:21:47","modified_gmt":"2020-03-30T12:21:47","slug":"kendama","status":"publish","type":"product","link":"https:\/\/talenti.hr\/?product=kendama","title":{"rendered":"Kendama"},"content":{"rendered":"<p>Kendama je legendarna stara Japanska igra spretnosti.Tako jednostavna ,a tako zabavna! Drvena ru\u010dka i drvena kugla povezani su s niti. Omogu\u0107uje izvedbu beskona\u010dno mnogo trikova. Po svijetu se organiziraju razna takmi\u010denja gdje se mo\u017ee pokazati spretnost i vje\u0161tina u ovoj igri.<\/p>\n","protected":false},"excerpt":{"rendered":"<ul>\n<li>Dostupnost: 2 &#8211; 3 dana<\/li>\n<li>Model: P108<\/li>\n<li>Proizvo\u0111a\u010d: Juggle Dream<\/li>\n<p> &#8230; <\/p>\n","protected":false},"featured_media":2301,"comment_status":"open","ping_status":"closed","template":"","meta":[],"product_brand":[],"product_cat":[183,156,180],"product_tag":[],"class_list":{"0":"post-2260","1":"product","2":"type-product","3":"status-publish","4":"has-post-thumbnail","6":"product_cat-igre-spretnosti","7":"product_cat-razni-zonglerski-rekviziti","8":"product_cat-razno","10":"first","11":"instock","12":"taxable","13":"shipping-taxable","14":"purchasable","15":"product-type-simple"},"_links":{"self":[{"href":"https:\/\/talenti.hr\/index.php?rest_route=\/wp\/v2\/product\/2260","targetHints":{"allow":["GET"]}}],"collection":[{"href":"https:\/\/talenti.hr\/index.php?rest_route=\/wp\/v2\/product"}],"about":[{"href":"https:\/\/talenti.hr\/index.php?rest_route=\/wp\/v2\/types\/product"}],"replies":[{"embeddable":true,"href":"https:\/\/talenti.hr\/index.php?rest_route=%2Fwp%2Fv2%2Fcomments&post=2260"}],"wp:featuredmedia":[{"embeddable":true,"href":"https:\/\/talenti.hr\/index.php?rest_route=\/wp\/v2\/media\/2301"}],"wp:attachment":[{"href":"https:\/\/talenti.hr\/index.php?rest_route=%2Fwp%2Fv2%2Fmedia&parent=2260"}],"wp:term":[{"taxonomy":"product_brand","embeddable":true,"href":"https:\/\/talenti.hr\/index.php?rest_route=%2Fwp%2Fv2%2Fproduct_brand&post=2260"},{"taxonomy":"product_cat","embeddable":true,"href":"https:\/\/talenti.hr\/index.php?rest_route=%2Fwp%2Fv2%2Fproduct_cat&post=2260"},{"taxonomy":"product_tag","embeddable":true,"href":"https:\/\/talenti.hr\/index.php?rest_route=%2Fwp%2Fv2%2Fproduct_tag&post=2260"}],"curies":[{"name":"wp","href":"https:\/\/api.w.org\/{rel}","templated":true}]}}