{"id":2274,"date":"2020-03-29T23:41:30","date_gmt":"2020-03-29T21:41:30","guid":{"rendered":"https:\/\/talenti.hr\/?post_type=product&#038;p=2274"},"modified":"2020-04-28T18:26:23","modified_gmt":"2020-04-28T16:26:23","slug":"kajt-comet-rainbow-hq-1-2","status":"publish","type":"product","link":"https:\/\/talenti.hr\/?product=kajt-comet-rainbow-hq-1-2","title":{"rendered":"Kajt Comet Rainbow 1.2"},"content":{"rendered":"<p>Kajt Comet Rainbow 1,2 je idealan izbor prvog kajta.Primjeren je za djecu od 8 godina dalje.Dolazi u lako prenosivoj kompaktnoj ambala\u017ei i ima sve potrebno za prvo kajtanje (kajt,niti i plasti\u010dne ru\u010dke).<\/p>\n<p>Upozorenje:artikal nije za djecu do 3 godine starosti,maleni dijelovi su opasni,jer ih mogu udahnuti ili progutati,Artikal ima duga\u010dku uzicu s kojom se dijete mo\u017ee ugu\u0161iti.Prije upotrebe odstraniti ambala\u017eu, a ove informacije spremite za kasniju upotrebu.<\/p>\n","protected":false},"excerpt":{"rendered":"<ul>\n<li>Dimenzije: 120 x 60 cm<\/li>\n<li>\u00a0Materijal: Ripstop\u00a0 poliester ( kao &#8230;<br \/>\n","protected":false},"featured_media":3320,"comment_status":"open","ping_status":"closed","template":"","meta":[],"product_brand":[],"product_cat":[174,168],"product_tag":[213,249,358],"class_list":{"0":"post-2274","1":"product","2":"type-product","3":"status-publish","4":"has-post-thumbnail","6":"product_cat-kajtovi","7":"product_cat-sport","8":"product_tag-comet","9":"product_tag-kajt","10":"product_tag-rainbow","12":"first","13":"instock","14":"taxable","15":"shipping-taxable","16":"purchasable","17":"product-type-simple"},"_links":{"self":[{"href":"https:\/\/talenti.hr\/index.php?rest_route=\/wp\/v2\/product\/2274","targetHints":{"allow":["GET"]}}],"collection":[{"href":"https:\/\/talenti.hr\/index.php?rest_route=\/wp\/v2\/product"}],"about":[{"href":"https:\/\/talenti.hr\/index.php?rest_route=\/wp\/v2\/types\/product"}],"replies":[{"embeddable":true,"href":"https:\/\/talenti.hr\/index.php?rest_route=%2Fwp%2Fv2%2Fcomments&post=2274"}],"wp:featuredmedia":[{"embeddable":true,"href":"https:\/\/talenti.hr\/index.php?rest_route=\/wp\/v2\/media\/3320"}],"wp:attachment":[{"href":"https:\/\/talenti.hr\/index.php?rest_route=%2Fwp%2Fv2%2Fmedia&parent=2274"}],"wp:term":[{"taxonomy":"product_brand","embeddable":true,"href":"https:\/\/talenti.hr\/index.php?rest_route=%2Fwp%2Fv2%2Fproduct_brand&post=2274"},{"taxonomy":"product_cat","embeddable":true,"href":"https:\/\/talenti.hr\/index.php?rest_route=%2Fwp%2Fv2%2Fproduct_cat&post=2274"},{"taxonomy":"product_tag","embeddable":true,"href":"https:\/\/talenti.hr\/index.php?rest_route=%2Fwp%2Fv2%2Fproduct_tag&post=2274"}],"curies":[{"name":"wp","href":"https:\/\/api.w.org\/{rel}","templated":true}]}}