{"id":2286,"date":"2020-03-29T23:50:27","date_gmt":"2020-03-29T21:50:27","guid":{"rendered":"https:\/\/talenti.hr\/?post_type=product&#038;p=2286"},"modified":"2020-04-28T18:32:51","modified_gmt":"2020-04-28T16:32:51","slug":"kajt-fluxx-training-13","status":"publish","type":"product","link":"https:\/\/talenti.hr\/?product=kajt-fluxx-training-13","title":{"rendered":"Kajt Fluxx Training 1,3"},"content":{"rendered":"<p>Kajt Fluxx Training 1.3 dopunjuje ponudu kajtova namijenjenih u\u010denju i dobivanju iskustva prije kori\u0161tenja kajtova ve\u0107ih dimenzija,zato je on izbor mnogih \u0161kola kajta u svijetu.Ovaj kajt je smanjena verzija POWER kajtova koji su zbog snage i veli\u010dine namijenjeni samo iskusnim korisnicima.Flux Training svojom povr\u0161inom omogu\u0107uje sigurnu upotrebu i po\u010detnicima.Koristi se \u0161ipka za upravljanje ( BAR ) \u0161irine 45 cm.<\/p>\n<p>Upozorenje: Artikal nije za djecu do 3 godine starosti. Maleni dijelovi su opasni,jer ih mogu udahnuti ili progutati.Artikal ima duga\u010dku uzicu s kojom se dijete mo\u017ee ugu\u0161iti.Prije upotrebe odstraniti ambala\u017eu.Ove informacije spremite za kasniju upotrebu.<\/p>\n","protected":false},"excerpt":{"rendered":"<ul>\n<li>Dimenzije: 130 x 55 cm<\/li>\n<li>Materjial: Ripstop\u00a0 poliester ( kao &#8230;<br \/>\n","protected":false},"featured_media":3274,"comment_status":"open","ping_status":"closed","template":"","meta":[],"product_brand":[],"product_cat":[174,168],"product_tag":[378,249,379],"class_list":{"0":"post-2286","1":"product","2":"type-product","3":"status-publish","4":"has-post-thumbnail","6":"product_cat-kajtovi","7":"product_cat-sport","8":"product_tag-fluxx","9":"product_tag-kajt","10":"product_tag-training","12":"first","13":"instock","14":"taxable","15":"shipping-taxable","16":"purchasable","17":"product-type-simple"},"_links":{"self":[{"href":"https:\/\/talenti.hr\/index.php?rest_route=\/wp\/v2\/product\/2286","targetHints":{"allow":["GET"]}}],"collection":[{"href":"https:\/\/talenti.hr\/index.php?rest_route=\/wp\/v2\/product"}],"about":[{"href":"https:\/\/talenti.hr\/index.php?rest_route=\/wp\/v2\/types\/product"}],"replies":[{"embeddable":true,"href":"https:\/\/talenti.hr\/index.php?rest_route=%2Fwp%2Fv2%2Fcomments&post=2286"}],"wp:featuredmedia":[{"embeddable":true,"href":"https:\/\/talenti.hr\/index.php?rest_route=\/wp\/v2\/media\/3274"}],"wp:attachment":[{"href":"https:\/\/talenti.hr\/index.php?rest_route=%2Fwp%2Fv2%2Fmedia&parent=2286"}],"wp:term":[{"taxonomy":"product_brand","embeddable":true,"href":"https:\/\/talenti.hr\/index.php?rest_route=%2Fwp%2Fv2%2Fproduct_brand&post=2286"},{"taxonomy":"product_cat","embeddable":true,"href":"https:\/\/talenti.hr\/index.php?rest_route=%2Fwp%2Fv2%2Fproduct_cat&post=2286"},{"taxonomy":"product_tag","embeddable":true,"href":"https:\/\/talenti.hr\/index.php?rest_route=%2Fwp%2Fv2%2Fproduct_tag&post=2286"}],"curies":[{"name":"wp","href":"https:\/\/api.w.org\/{rel}","templated":true}]}}