{"id":2298,"date":"2020-03-30T00:00:45","date_gmt":"2020-03-29T22:00:45","guid":{"rendered":"https:\/\/talenti.hr\/?post_type=product&#038;p=2298"},"modified":"2020-04-30T11:10:46","modified_gmt":"2020-04-30T09:10:46","slug":"niti-za-zmaja-dyneema","status":"publish","type":"product","link":"https:\/\/talenti.hr\/?product=niti-za-zmaja-dyneema","title":{"rendered":"Niti za kajtove i zmajeve ( Dyneema )"},"content":{"rendered":"<p>Izuzetno kvalitetne niti za kajtove i zmajeve od materijala Dyneema.<\/p>\n<p>Mogu se dobiti i ve\u0107e dimenzije s ve\u0107om snagom po narud\u017ebi npr. 2 x 30 m snage 200 Kp po cijeni od 350,00 Kn.<\/p>\n<p>&nbsp;<\/p>\n","protected":false},"excerpt":{"rendered":"<ul>\n<li>Rok isporuke: 7-10 dana<\/li>\n<li>Proizvo\u0111a\u010d: HQ Invento<\/li>\n<\/ul>\n<p> &#8230; <\/p>\n","protected":false},"featured_media":2300,"comment_status":"open","ping_status":"closed","template":"","meta":[],"product_brand":[],"product_cat":[173,174,168],"product_tag":[243,249,241,242],"class_list":{"0":"post-2298","1":"product","2":"type-product","3":"status-publish","4":"has-post-thumbnail","6":"product_cat-akrobatski-zmajevi","7":"product_cat-kajtovi","8":"product_cat-sport","9":"product_tag-dyneema","10":"product_tag-kajt","11":"product_tag-niti","12":"product_tag-zmaj","14":"first","15":"instock","16":"taxable","17":"shipping-taxable","18":"purchasable","19":"product-type-simple"},"_links":{"self":[{"href":"https:\/\/talenti.hr\/index.php?rest_route=\/wp\/v2\/product\/2298","targetHints":{"allow":["GET"]}}],"collection":[{"href":"https:\/\/talenti.hr\/index.php?rest_route=\/wp\/v2\/product"}],"about":[{"href":"https:\/\/talenti.hr\/index.php?rest_route=\/wp\/v2\/types\/product"}],"replies":[{"embeddable":true,"href":"https:\/\/talenti.hr\/index.php?rest_route=%2Fwp%2Fv2%2Fcomments&post=2298"}],"wp:featuredmedia":[{"embeddable":true,"href":"https:\/\/talenti.hr\/index.php?rest_route=\/wp\/v2\/media\/2300"}],"wp:attachment":[{"href":"https:\/\/talenti.hr\/index.php?rest_route=%2Fwp%2Fv2%2Fmedia&parent=2298"}],"wp:term":[{"taxonomy":"product_brand","embeddable":true,"href":"https:\/\/talenti.hr\/index.php?rest_route=%2Fwp%2Fv2%2Fproduct_brand&post=2298"},{"taxonomy":"product_cat","embeddable":true,"href":"https:\/\/talenti.hr\/index.php?rest_route=%2Fwp%2Fv2%2Fproduct_cat&post=2298"},{"taxonomy":"product_tag","embeddable":true,"href":"https:\/\/talenti.hr\/index.php?rest_route=%2Fwp%2Fv2%2Fproduct_tag&post=2298"}],"curies":[{"name":"wp","href":"https:\/\/api.w.org\/{rel}","templated":true}]}}