{"id":2310,"date":"2020-03-30T00:32:22","date_gmt":"2020-03-29T22:32:22","guid":{"rendered":"https:\/\/talenti.hr\/?post_type=product&#038;p=2310"},"modified":"2020-05-12T12:51:24","modified_gmt":"2020-05-12T10:51:24","slug":"karte-bicycle-emoji","status":"publish","type":"product","link":"https:\/\/talenti.hr\/?product=karte-bicycle-emoji","title":{"rendered":"Karte Bicycle Emoji"},"content":{"rendered":"<p>Sa kartama Bicycle Emoji osjeti u\u017eitak igranja s jednima od najboljih igra\u0107ih karata na svijetu.Naro\u010dito su popularne me\u0111u profesionalnim igra\u010dima pokera i ve\u0107 su legendarne jer se proizvode od 1885. godine.Upotrebljavaju ih i iluzionisti za izvo\u0111enje zahtjevnijih trikova.<\/p>\n","protected":false},"excerpt":{"rendered":"<ul>\n<li>Rok isporuke: 5-7 dana<\/li>\n<li>Proizvo\u0111a\u010d: Bicycle<\/li>\n<\/ul>\n<p> &nbsp; &#8230; <\/p>\n","protected":false},"featured_media":3918,"comment_status":"open","ping_status":"closed","template":"","meta":[],"product_brand":[],"product_cat":[182,180],"product_tag":[624,629,625,626],"class_list":{"0":"post-2310","1":"product","2":"type-product","3":"status-publish","4":"has-post-thumbnail","6":"product_cat-igrace-karte-bicycle","7":"product_cat-razno","8":"product_tag-bicycle","9":"product_tag-emoji","10":"product_tag-igrace","11":"product_tag-karte","13":"first","14":"instock","15":"taxable","16":"shipping-taxable","17":"purchasable","18":"product-type-simple"},"_links":{"self":[{"href":"https:\/\/talenti.hr\/index.php?rest_route=\/wp\/v2\/product\/2310","targetHints":{"allow":["GET"]}}],"collection":[{"href":"https:\/\/talenti.hr\/index.php?rest_route=\/wp\/v2\/product"}],"about":[{"href":"https:\/\/talenti.hr\/index.php?rest_route=\/wp\/v2\/types\/product"}],"replies":[{"embeddable":true,"href":"https:\/\/talenti.hr\/index.php?rest_route=%2Fwp%2Fv2%2Fcomments&post=2310"}],"wp:featuredmedia":[{"embeddable":true,"href":"https:\/\/talenti.hr\/index.php?rest_route=\/wp\/v2\/media\/3918"}],"wp:attachment":[{"href":"https:\/\/talenti.hr\/index.php?rest_route=%2Fwp%2Fv2%2Fmedia&parent=2310"}],"wp:term":[{"taxonomy":"product_brand","embeddable":true,"href":"https:\/\/talenti.hr\/index.php?rest_route=%2Fwp%2Fv2%2Fproduct_brand&post=2310"},{"taxonomy":"product_cat","embeddable":true,"href":"https:\/\/talenti.hr\/index.php?rest_route=%2Fwp%2Fv2%2Fproduct_cat&post=2310"},{"taxonomy":"product_tag","embeddable":true,"href":"https:\/\/talenti.hr\/index.php?rest_route=%2Fwp%2Fv2%2Fproduct_tag&post=2310"}],"curies":[{"name":"wp","href":"https:\/\/api.w.org\/{rel}","templated":true}]}}