{"id":2349,"date":"2020-03-30T00:56:35","date_gmt":"2020-03-29T22:56:35","guid":{"rendered":"https:\/\/talenti.hr\/?post_type=product&#038;p=2349"},"modified":"2020-05-12T12:56:47","modified_gmt":"2020-05-12T10:56:47","slug":"karte-bicycle-cycliste","status":"publish","type":"product","link":"https:\/\/talenti.hr\/?product=karte-bicycle-cycliste","title":{"rendered":"Karte Bicycle Cycliste"},"content":{"rendered":"<p>Iskusi u\u017eitak igranja s jednima od najboljih igra\u0107ih karata na svijetu.Legendarne karte Bicycle koje se izra\u0111uju od 1885. godine vrlo su omiljene me\u0111u profesionalnim igra\u010dima pokera,a koriste ih i iluzionisti za izvo\u0111enje zahtjevnih trikova.<\/p>\n","protected":false},"excerpt":{"rendered":"<ul>\n<li>Boja: crvena i plava<\/li>\n<li>Rok isporuke: 5-7 dana<\/li>\n<li>Proizvo\u0111a\u010d: Bicycle<\/li>\n<p> &#8230; <\/p>\n","protected":false},"featured_media":3920,"comment_status":"open","ping_status":"closed","template":"","meta":[],"product_brand":[],"product_cat":[182,180],"product_tag":[624,630,625,626],"class_list":{"0":"post-2349","1":"product","2":"type-product","3":"status-publish","4":"has-post-thumbnail","6":"product_cat-igrace-karte-bicycle","7":"product_cat-razno","8":"product_tag-bicycle","9":"product_tag-cycliste","10":"product_tag-igrace","11":"product_tag-karte","13":"first","14":"instock","15":"taxable","16":"shipping-taxable","17":"purchasable","18":"product-type-simple"},"_links":{"self":[{"href":"https:\/\/talenti.hr\/index.php?rest_route=\/wp\/v2\/product\/2349","targetHints":{"allow":["GET"]}}],"collection":[{"href":"https:\/\/talenti.hr\/index.php?rest_route=\/wp\/v2\/product"}],"about":[{"href":"https:\/\/talenti.hr\/index.php?rest_route=\/wp\/v2\/types\/product"}],"replies":[{"embeddable":true,"href":"https:\/\/talenti.hr\/index.php?rest_route=%2Fwp%2Fv2%2Fcomments&post=2349"}],"wp:featuredmedia":[{"embeddable":true,"href":"https:\/\/talenti.hr\/index.php?rest_route=\/wp\/v2\/media\/3920"}],"wp:attachment":[{"href":"https:\/\/talenti.hr\/index.php?rest_route=%2Fwp%2Fv2%2Fmedia&parent=2349"}],"wp:term":[{"taxonomy":"product_brand","embeddable":true,"href":"https:\/\/talenti.hr\/index.php?rest_route=%2Fwp%2Fv2%2Fproduct_brand&post=2349"},{"taxonomy":"product_cat","embeddable":true,"href":"https:\/\/talenti.hr\/index.php?rest_route=%2Fwp%2Fv2%2Fproduct_cat&post=2349"},{"taxonomy":"product_tag","embeddable":true,"href":"https:\/\/talenti.hr\/index.php?rest_route=%2Fwp%2Fv2%2Fproduct_tag&post=2349"}],"curies":[{"name":"wp","href":"https:\/\/api.w.org\/{rel}","templated":true}]}}