{"id":2402,"date":"2020-03-30T01:34:37","date_gmt":"2020-03-29T23:34:37","guid":{"rendered":"https:\/\/talenti.hr\/?post_type=product&#038;p=2402"},"modified":"2020-05-28T09:51:59","modified_gmt":"2020-05-28T07:51:59","slug":"kucica-za-pse-od-prave-cigle","status":"publish","type":"product","link":"https:\/\/talenti.hr\/?product=kucica-za-pse-od-prave-cigle","title":{"rendered":"Pse\u0107a ku\u0107ica"},"content":{"rendered":"<p>Kako gradimo TEIFOC konstrukciju od prave cigle?<\/p>\n<p>Cement u prahu ( 6 \u017elica ) pomije\u0161amo s 2 \u017elice vode dok ne dobijemo homogenu smjesu.Na ciglu nanesemo dovoljno cementa,polo\u017eimo je na povr\u0161inu i sna\u017eno stisnemo.Vi\u0161ak cementa uklonimo \u017elicom.Cigle pola\u017eemo usporedno i pravokutno da strane budu ravne.Cementom mo\u017eemo u\u010dvrstiti i drvene i plasti\u010dne dijelove.Ako konstrukciju \u017eelimo sru\u0161iti pustimo da stoji u vodi 4-5 sati,rastavimo,cigle operemo i osu\u0161imo.Prilo\u017eeni cement dovoljan je za nekoliko gradnji,a mo\u017ee se i kupiti samo vre\u0107ica cementa ako nam zatreba.Mo\u017ee se graditi po nacrtu ili uz upotrebu ma\u0161te.SAVJET:kad je konstrukcija gotova 1 \u017elicu cementa umije\u0161amo u posudicu vode i spojeve i\u0161\u010detkamo rabljenom zubnom \u010detkicom i osu\u0161imo krpom.Primjereno za djecu od 6 godina navi\u0161e.<\/p>\n<p>Upozorenje:artikal nije za djecu do 3 godine starosti,maleni dijelovi su opasni,jer ih mogu udahnuti ili progutati,.Prije upotrebe odstraniti ambala\u017eu, a ove informacije spremite za kasniju upotrebu.<\/p>\n","protected":false},"excerpt":{"rendered":"<ul>\n<li>Rok isporuke: 5-7 dana<\/li>\n<li>Proizvo\u0111a\u010d: Teifoc<\/li>\n<\/ul>\n<p> &nbsp; &#8230; <\/p>\n","protected":false},"featured_media":4217,"comment_status":"open","ping_status":"closed","template":"","meta":[],"product_brand":[],"product_cat":[160,164],"product_tag":[728,731,726],"class_list":{"0":"post-2402","1":"product","2":"type-product","3":"status-publish","4":"has-post-thumbnail","6":"product_cat-igracke","7":"product_cat-konstrukcije-od-prave-cigle-teifoc","8":"product_tag-kucica","9":"product_tag-pasja","10":"product_tag-teifoc","12":"first","13":"instock","14":"taxable","15":"shipping-taxable","16":"purchasable","17":"product-type-simple"},"_links":{"self":[{"href":"https:\/\/talenti.hr\/index.php?rest_route=\/wp\/v2\/product\/2402","targetHints":{"allow":["GET"]}}],"collection":[{"href":"https:\/\/talenti.hr\/index.php?rest_route=\/wp\/v2\/product"}],"about":[{"href":"https:\/\/talenti.hr\/index.php?rest_route=\/wp\/v2\/types\/product"}],"replies":[{"embeddable":true,"href":"https:\/\/talenti.hr\/index.php?rest_route=%2Fwp%2Fv2%2Fcomments&post=2402"}],"wp:featuredmedia":[{"embeddable":true,"href":"https:\/\/talenti.hr\/index.php?rest_route=\/wp\/v2\/media\/4217"}],"wp:attachment":[{"href":"https:\/\/talenti.hr\/index.php?rest_route=%2Fwp%2Fv2%2Fmedia&parent=2402"}],"wp:term":[{"taxonomy":"product_brand","embeddable":true,"href":"https:\/\/talenti.hr\/index.php?rest_route=%2Fwp%2Fv2%2Fproduct_brand&post=2402"},{"taxonomy":"product_cat","embeddable":true,"href":"https:\/\/talenti.hr\/index.php?rest_route=%2Fwp%2Fv2%2Fproduct_cat&post=2402"},{"taxonomy":"product_tag","embeddable":true,"href":"https:\/\/talenti.hr\/index.php?rest_route=%2Fwp%2Fv2%2Fproduct_tag&post=2402"}],"curies":[{"name":"wp","href":"https:\/\/api.w.org\/{rel}","templated":true}]}}