{"id":2422,"date":"2020-03-30T01:47:45","date_gmt":"2020-03-29T23:47:45","guid":{"rendered":"https:\/\/talenti.hr\/?post_type=product&#038;p=2422"},"modified":"2020-05-25T14:48:17","modified_gmt":"2020-05-25T12:48:17","slug":"plus-plus-kucni-ljubimci","status":"publish","type":"product","link":"https:\/\/talenti.hr\/?product=plus-plus-kucni-ljubimci","title":{"rendered":"Ku\u0107ni ljubimci"},"content":{"rendered":"<p>Igra\u010dka koja se sastoji od vi\u0161e jednakih osnovnih dijelova plastike u obliku dva plusa iz kojih uz malo ma\u0161te mogu nastati \u0161aroliki mozaici ili kompleksne trodimenzionalne strukture.Uz njih u\u010di se matematika,boje,razvija se strpljenje i motori\u010dke vje\u0161tine.<br \/>\nProizvedeni su u Danskoj bez BPA plastike i ftalata.Proizvod i ambala\u017ea mogu se 100% reciklirati.<\/p>\n<p>Primjereni su za djecu od 5-12 godina.<br \/>\nNe preporu\u010duju se djeci mla\u0111oj od 3 godine.<\/p>\n<p>&nbsp;<\/p>\n","protected":false},"excerpt":{"rendered":"<ul>\n<li>Broj komada: 170<\/li>\n<li>Dimenzije kutije: 19 x 14 x 4,5 &#8230;<br \/>\n","protected":false},"featured_media":4087,"comment_status":"open","ping_status":"closed","template":"","meta":[],"product_brand":[],"product_cat":[160,162],"product_tag":[604,605,687],"class_list":{"0":"post-2422","1":"product","2":"type-product","3":"status-publish","4":"has-post-thumbnail","6":"product_cat-igracke","7":"product_cat-konstrukcije-plus-plus","8":"product_tag-kucni","9":"product_tag-ljubimci","10":"product_tag-plus-plus","12":"first","13":"instock","14":"taxable","15":"shipping-taxable","16":"purchasable","17":"product-type-simple"},"_links":{"self":[{"href":"https:\/\/talenti.hr\/index.php?rest_route=\/wp\/v2\/product\/2422","targetHints":{"allow":["GET"]}}],"collection":[{"href":"https:\/\/talenti.hr\/index.php?rest_route=\/wp\/v2\/product"}],"about":[{"href":"https:\/\/talenti.hr\/index.php?rest_route=\/wp\/v2\/types\/product"}],"replies":[{"embeddable":true,"href":"https:\/\/talenti.hr\/index.php?rest_route=%2Fwp%2Fv2%2Fcomments&post=2422"}],"wp:featuredmedia":[{"embeddable":true,"href":"https:\/\/talenti.hr\/index.php?rest_route=\/wp\/v2\/media\/4087"}],"wp:attachment":[{"href":"https:\/\/talenti.hr\/index.php?rest_route=%2Fwp%2Fv2%2Fmedia&parent=2422"}],"wp:term":[{"taxonomy":"product_brand","embeddable":true,"href":"https:\/\/talenti.hr\/index.php?rest_route=%2Fwp%2Fv2%2Fproduct_brand&post=2422"},{"taxonomy":"product_cat","embeddable":true,"href":"https:\/\/talenti.hr\/index.php?rest_route=%2Fwp%2Fv2%2Fproduct_cat&post=2422"},{"taxonomy":"product_tag","embeddable":true,"href":"https:\/\/talenti.hr\/index.php?rest_route=%2Fwp%2Fv2%2Fproduct_tag&post=2422"}],"curies":[{"name":"wp","href":"https:\/\/api.w.org\/{rel}","templated":true}]}}