{"id":2441,"date":"2020-03-30T10:35:48","date_gmt":"2020-03-30T08:35:48","guid":{"rendered":"https:\/\/talenti.hr\/?post_type=product&#038;p=2441"},"modified":"2020-04-22T14:41:54","modified_gmt":"2020-04-22T12:41:54","slug":"cunjevi-knjizica-s-uputama-2","status":"publish","type":"product","link":"https:\/\/talenti.hr\/?product=cunjevi-knjizica-s-uputama-2","title":{"rendered":"\u010cunjevi-bro\u0161ura"},"content":{"rendered":"<div id=\"product_description\">\n<p>\u010cunjevi-bro\u0161ura s uputama je za sada prevedena na engleski i italijanski jezik. U njoj su prikazani svi po\u010detni trikovi s 3 \u010dunja i osnove za 4 \u010dunja. Sastoji se od 24 strane s ilustracijama.<\/p>\n<\/div>\n","protected":false},"excerpt":{"rendered":"<ul>\n<li>Rok isporuke: 5 do 7 dana<\/li>\n<li>Proizvo\u0111a\u010d:Mr. Babache<\/li>\n<\/ul>\n<p> &#8230; <\/p>\n","protected":false},"featured_media":2443,"comment_status":"open","ping_status":"closed","template":"","meta":[],"product_brand":[],"product_cat":[152,159,149],"product_tag":[252,227,233],"class_list":{"0":"post-2441","1":"product","2":"type-product","3":"status-publish","4":"has-post-thumbnail","6":"product_cat-cunjevi","7":"product_cat-knjige-dvd","8":"product_cat-zongliranje","9":"product_tag-brosura","10":"product_tag-cunjevi","11":"product_tag-upute","13":"first","14":"instock","15":"taxable","16":"shipping-taxable","17":"purchasable","18":"product-type-simple"},"_links":{"self":[{"href":"https:\/\/talenti.hr\/index.php?rest_route=\/wp\/v2\/product\/2441","targetHints":{"allow":["GET"]}}],"collection":[{"href":"https:\/\/talenti.hr\/index.php?rest_route=\/wp\/v2\/product"}],"about":[{"href":"https:\/\/talenti.hr\/index.php?rest_route=\/wp\/v2\/types\/product"}],"replies":[{"embeddable":true,"href":"https:\/\/talenti.hr\/index.php?rest_route=%2Fwp%2Fv2%2Fcomments&post=2441"}],"wp:featuredmedia":[{"embeddable":true,"href":"https:\/\/talenti.hr\/index.php?rest_route=\/wp\/v2\/media\/2443"}],"wp:attachment":[{"href":"https:\/\/talenti.hr\/index.php?rest_route=%2Fwp%2Fv2%2Fmedia&parent=2441"}],"wp:term":[{"taxonomy":"product_brand","embeddable":true,"href":"https:\/\/talenti.hr\/index.php?rest_route=%2Fwp%2Fv2%2Fproduct_brand&post=2441"},{"taxonomy":"product_cat","embeddable":true,"href":"https:\/\/talenti.hr\/index.php?rest_route=%2Fwp%2Fv2%2Fproduct_cat&post=2441"},{"taxonomy":"product_tag","embeddable":true,"href":"https:\/\/talenti.hr\/index.php?rest_route=%2Fwp%2Fv2%2Fproduct_tag&post=2441"}],"curies":[{"name":"wp","href":"https:\/\/api.w.org\/{rel}","templated":true}]}}