{"id":2444,"date":"2020-03-30T10:37:31","date_gmt":"2020-03-30T08:37:31","guid":{"rendered":"https:\/\/talenti.hr\/?post_type=product&#038;p=2444"},"modified":"2020-04-22T12:57:12","modified_gmt":"2020-04-22T10:57:12","slug":"diabolo-knjiga-od-a-do-z-2","status":"publish","type":"product","link":"https:\/\/talenti.hr\/?product=diabolo-knjiga-od-a-do-z-2","title":{"rendered":"Diabolo knjiga od A do \u017d"},"content":{"rendered":"<div id=\"product_description\">\n<p>U knjizi Diabolo od A do \u017d su opisani i nacrtani svi po\u010detni trikovi s 1 diabolom i napredni trikovi s 2 diabola. Knjiga je za sada \u0161tampana na italijanskom i engleskom jeziku. Primjerena je za po\u010detnike i one koji \u017eele nau\u010diti vi\u0161e. Sastoji se od 90 strana.<\/p>\n<\/div>\n","protected":false},"excerpt":{"rendered":"<ul>\n<li>Rok isporuke: 3 do 7 dana<\/li>\n<li>Proizvo\u0111a\u010d:Mr. Babache<\/li>\n<\/ul>\n<p> &#8230; <\/p>\n","protected":false},"featured_media":2446,"comment_status":"open","ping_status":"closed","template":"","meta":[],"product_brand":[],"product_cat":[151,159,149],"product_tag":[210,248],"class_list":{"0":"post-2444","1":"product","2":"type-product","3":"status-publish","4":"has-post-thumbnail","6":"product_cat-diabolo-i-palice","7":"product_cat-knjige-dvd","8":"product_cat-zongliranje","9":"product_tag-diabolo","10":"product_tag-knjiga","12":"first","13":"instock","14":"taxable","15":"shipping-taxable","16":"purchasable","17":"product-type-simple"},"_links":{"self":[{"href":"https:\/\/talenti.hr\/index.php?rest_route=\/wp\/v2\/product\/2444","targetHints":{"allow":["GET"]}}],"collection":[{"href":"https:\/\/talenti.hr\/index.php?rest_route=\/wp\/v2\/product"}],"about":[{"href":"https:\/\/talenti.hr\/index.php?rest_route=\/wp\/v2\/types\/product"}],"replies":[{"embeddable":true,"href":"https:\/\/talenti.hr\/index.php?rest_route=%2Fwp%2Fv2%2Fcomments&post=2444"}],"wp:featuredmedia":[{"embeddable":true,"href":"https:\/\/talenti.hr\/index.php?rest_route=\/wp\/v2\/media\/2446"}],"wp:attachment":[{"href":"https:\/\/talenti.hr\/index.php?rest_route=%2Fwp%2Fv2%2Fmedia&parent=2444"}],"wp:term":[{"taxonomy":"product_brand","embeddable":true,"href":"https:\/\/talenti.hr\/index.php?rest_route=%2Fwp%2Fv2%2Fproduct_brand&post=2444"},{"taxonomy":"product_cat","embeddable":true,"href":"https:\/\/talenti.hr\/index.php?rest_route=%2Fwp%2Fv2%2Fproduct_cat&post=2444"},{"taxonomy":"product_tag","embeddable":true,"href":"https:\/\/talenti.hr\/index.php?rest_route=%2Fwp%2Fv2%2Fproduct_tag&post=2444"}],"curies":[{"name":"wp","href":"https:\/\/api.w.org\/{rel}","templated":true}]}}