{"id":2462,"date":"2020-03-30T10:57:47","date_gmt":"2020-03-30T08:57:47","guid":{"rendered":"https:\/\/talenti.hr\/?post_type=product&#038;p=2462"},"modified":"2020-04-25T14:11:11","modified_gmt":"2020-04-25T12:11:11","slug":"dvd-diabolo-folies-savjeti-2","status":"publish","type":"product","link":"https:\/\/talenti.hr\/?product=dvd-diabolo-folies-savjeti-2","title":{"rendered":"DVD Diabolo Folies"},"content":{"rendered":"<div id=\"product_description\">\n<p>Na ovom DVD-u na\u0107i \u0107ete najbolje klasi\u010dne diabolo trikove (vi\u0161e od 100 razli\u010ditih). Pored trikova prikazane su i razne igre, koje mo\u017eemo izvoditi s Diabolom i razli\u010diti savjeti za nastupe s Diabolom. Primjeren je za po\u010detnike kao i za poznavaoce.<\/p>\n<\/div>\n","protected":false},"excerpt":{"rendered":"<ul>\n<li>Rok isporuke: 3 do 7 dana<\/li>\n<li>Proizvo\u0111a\u010d:Mr. Babache<\/li>\n<\/ul>\n<p> &#8230; <\/p>\n","protected":false},"featured_media":2464,"comment_status":"open","ping_status":"closed","template":"","meta":[],"product_brand":[],"product_cat":[151,159,149],"product_tag":[210,244,246],"class_list":{"0":"post-2462","1":"product","2":"type-product","3":"status-publish","4":"has-post-thumbnail","6":"product_cat-diabolo-i-palice","7":"product_cat-knjige-dvd","8":"product_cat-zongliranje","9":"product_tag-diabolo","10":"product_tag-dvd","11":"product_tag-folies","13":"first","14":"instock","15":"taxable","16":"shipping-taxable","17":"purchasable","18":"product-type-simple"},"_links":{"self":[{"href":"https:\/\/talenti.hr\/index.php?rest_route=\/wp\/v2\/product\/2462","targetHints":{"allow":["GET"]}}],"collection":[{"href":"https:\/\/talenti.hr\/index.php?rest_route=\/wp\/v2\/product"}],"about":[{"href":"https:\/\/talenti.hr\/index.php?rest_route=\/wp\/v2\/types\/product"}],"replies":[{"embeddable":true,"href":"https:\/\/talenti.hr\/index.php?rest_route=%2Fwp%2Fv2%2Fcomments&post=2462"}],"wp:featuredmedia":[{"embeddable":true,"href":"https:\/\/talenti.hr\/index.php?rest_route=\/wp\/v2\/media\/2464"}],"wp:attachment":[{"href":"https:\/\/talenti.hr\/index.php?rest_route=%2Fwp%2Fv2%2Fmedia&parent=2462"}],"wp:term":[{"taxonomy":"product_brand","embeddable":true,"href":"https:\/\/talenti.hr\/index.php?rest_route=%2Fwp%2Fv2%2Fproduct_brand&post=2462"},{"taxonomy":"product_cat","embeddable":true,"href":"https:\/\/talenti.hr\/index.php?rest_route=%2Fwp%2Fv2%2Fproduct_cat&post=2462"},{"taxonomy":"product_tag","embeddable":true,"href":"https:\/\/talenti.hr\/index.php?rest_route=%2Fwp%2Fv2%2Fproduct_tag&post=2462"}],"curies":[{"name":"wp","href":"https:\/\/api.w.org\/{rel}","templated":true}]}}