{"id":2478,"date":"2020-03-30T11:31:36","date_gmt":"2020-03-30T09:31:36","guid":{"rendered":"https:\/\/talenti.hr\/?post_type=product&#038;p=2478"},"modified":"2020-03-30T14:16:33","modified_gmt":"2020-03-30T12:16:33","slug":"kolutovi-za-zongliranje-saturnus","status":"publish","type":"product","link":"https:\/\/talenti.hr\/?product=kolutovi-za-zongliranje-saturnus","title":{"rendered":"Kolutovi za \u017eongliranje Saturnus"},"content":{"rendered":"<div id=\"product_description\">\n<p>Kolutovi za \u017eongliranje Saturnus<\/p>\n<ul>\n<li>Te\u017eina:135 g<\/li>\n<li>Promjer:40 cm<\/li>\n<\/ul>\n<p>Veliki \u017eonglerski kolutovi koji su dobri za dodavanje izme\u0111u dvije ili vi\u0161e osoba ( &#8221; passing &#8221; ).\u017dongliranje s kolutovima se u pokretima ne razlikuje od onog s lopticama samo je bacanje i hvatanje druga\u010dije.<\/p>\n<\/div>\n","protected":false},"excerpt":{"rendered":"<ul>\n<li>Dostupnost:2 &#8211; 3 dana<\/li>\n<li>Model:KZ\u017dS<\/li>\n<li>Proizvo\u0111a\u010d:Play<\/li>\n<\/ul>\n<p> &#8230; <\/p>\n","protected":false},"featured_media":2480,"comment_status":"open","ping_status":"closed","template":"","meta":[],"product_brand":[],"product_cat":[154,156,149],"product_tag":[],"class_list":{"0":"post-2478","1":"product","2":"type-product","3":"status-publish","4":"has-post-thumbnail","6":"product_cat-kontaktno-zongliranje","7":"product_cat-razni-zonglerski-rekviziti","8":"product_cat-zongliranje","10":"first","11":"instock","12":"taxable","13":"shipping-taxable","14":"purchasable","15":"product-type-simple"},"_links":{"self":[{"href":"https:\/\/talenti.hr\/index.php?rest_route=\/wp\/v2\/product\/2478","targetHints":{"allow":["GET"]}}],"collection":[{"href":"https:\/\/talenti.hr\/index.php?rest_route=\/wp\/v2\/product"}],"about":[{"href":"https:\/\/talenti.hr\/index.php?rest_route=\/wp\/v2\/types\/product"}],"replies":[{"embeddable":true,"href":"https:\/\/talenti.hr\/index.php?rest_route=%2Fwp%2Fv2%2Fcomments&post=2478"}],"wp:featuredmedia":[{"embeddable":true,"href":"https:\/\/talenti.hr\/index.php?rest_route=\/wp\/v2\/media\/2480"}],"wp:attachment":[{"href":"https:\/\/talenti.hr\/index.php?rest_route=%2Fwp%2Fv2%2Fmedia&parent=2478"}],"wp:term":[{"taxonomy":"product_brand","embeddable":true,"href":"https:\/\/talenti.hr\/index.php?rest_route=%2Fwp%2Fv2%2Fproduct_brand&post=2478"},{"taxonomy":"product_cat","embeddable":true,"href":"https:\/\/talenti.hr\/index.php?rest_route=%2Fwp%2Fv2%2Fproduct_cat&post=2478"},{"taxonomy":"product_tag","embeddable":true,"href":"https:\/\/talenti.hr\/index.php?rest_route=%2Fwp%2Fv2%2Fproduct_tag&post=2478"}],"curies":[{"name":"wp","href":"https:\/\/api.w.org\/{rel}","templated":true}]}}