{"id":2484,"date":"2020-03-30T11:35:02","date_gmt":"2020-03-30T09:35:02","guid":{"rendered":"https:\/\/talenti.hr\/?post_type=product&#038;p=2484"},"modified":"2020-04-23T13:36:23","modified_gmt":"2020-04-23T11:36:23","slug":"loptice-acryl-cristal-100","status":"publish","type":"product","link":"https:\/\/talenti.hr\/?product=loptice-acryl-cristal-100","title":{"rendered":"Loptice Acryl Cristal 100"},"content":{"rendered":"<div id=\"product_description\">\n<p>Loptice Acryl Cristal 100 su potpuno prozirne.Me\u0111u contact \u017eonglerima su izuzetno popularne,jer zbog prozirnosti daju osje\u0107aj da se ne vrte.Namijenjene su dobrim znalcima contact \u017eongliranja jer je pleksi materijal jako osjetljiv na tvrde kontakte i na povr\u0161ini ostavlja trag.<\/p>\n<\/div>\n","protected":false},"excerpt":{"rendered":"<ul>\n<li>Cijena je za 1 komad!!<\/li>\n<li>Te\u017eina: 615 g<\/li>\n<li>Promjer: 100 &#8230;<br \/>\n","protected":false},"featured_media":2486,"comment_status":"open","ping_status":"closed","template":"","meta":[],"product_brand":[],"product_cat":[154,149],"product_tag":[285,286,195],"class_list":{"0":"post-2484","1":"product","2":"type-product","3":"status-publish","4":"has-post-thumbnail","6":"product_cat-kontaktno-zongliranje","7":"product_cat-zongliranje","8":"product_tag-acryl","9":"product_tag-cristal","10":"product_tag-loptice","12":"first","13":"instock","14":"taxable","15":"shipping-taxable","16":"purchasable","17":"product-type-simple"},"_links":{"self":[{"href":"https:\/\/talenti.hr\/index.php?rest_route=\/wp\/v2\/product\/2484","targetHints":{"allow":["GET"]}}],"collection":[{"href":"https:\/\/talenti.hr\/index.php?rest_route=\/wp\/v2\/product"}],"about":[{"href":"https:\/\/talenti.hr\/index.php?rest_route=\/wp\/v2\/types\/product"}],"replies":[{"embeddable":true,"href":"https:\/\/talenti.hr\/index.php?rest_route=%2Fwp%2Fv2%2Fcomments&post=2484"}],"wp:featuredmedia":[{"embeddable":true,"href":"https:\/\/talenti.hr\/index.php?rest_route=\/wp\/v2\/media\/2486"}],"wp:attachment":[{"href":"https:\/\/talenti.hr\/index.php?rest_route=%2Fwp%2Fv2%2Fmedia&parent=2484"}],"wp:term":[{"taxonomy":"product_brand","embeddable":true,"href":"https:\/\/talenti.hr\/index.php?rest_route=%2Fwp%2Fv2%2Fproduct_brand&post=2484"},{"taxonomy":"product_cat","embeddable":true,"href":"https:\/\/talenti.hr\/index.php?rest_route=%2Fwp%2Fv2%2Fproduct_cat&post=2484"},{"taxonomy":"product_tag","embeddable":true,"href":"https:\/\/talenti.hr\/index.php?rest_route=%2Fwp%2Fv2%2Fproduct_tag&post=2484"}],"curies":[{"name":"wp","href":"https:\/\/api.w.org\/{rel}","templated":true}]}}