{"id":2502,"date":"2020-03-30T11:54:27","date_gmt":"2020-03-30T09:54:27","guid":{"rendered":"https:\/\/talenti.hr\/?post_type=product&#038;p=2502"},"modified":"2020-07-11T09:12:08","modified_gmt":"2020-07-11T07:12:08","slug":"loptice-velvet-contact-100","status":"publish","type":"product","link":"https:\/\/talenti.hr\/?product=loptice-velvet-contact-100","title":{"rendered":"Loptice Velvet Contact 100"},"content":{"rendered":"<p>Loptice Velvet Contact 100 imaju bar\u0161unastu povr\u0161inu koja omogu\u0107uje odli\u010dan hvat i ugodan osje\u0107aj u kontaktu s tijelom.Zbog osjetljivog materijala preporu\u010duje se iskusnim korisnicima.<\/p>\n","protected":false},"excerpt":{"rendered":"<ul>\n<li>Te\u017eina: 260 g<\/li>\n<li>Promjer: 10 cm<\/li>\n<li>Boja: crvena<\/li>\n<li>Rok isporuke: &#8230;<br \/>\n","protected":false},"featured_media":2504,"comment_status":"open","ping_status":"closed","template":"","meta":[],"product_brand":[],"product_cat":[154,149],"product_tag":[283,195,284],"class_list":{"0":"post-2502","1":"product","2":"type-product","3":"status-publish","4":"has-post-thumbnail","6":"product_cat-kontaktno-zongliranje","7":"product_cat-zongliranje","8":"product_tag-contact","9":"product_tag-loptice","10":"product_tag-velvet","12":"first","13":"instock","14":"taxable","15":"shipping-taxable","16":"purchasable","17":"product-type-simple"},"_links":{"self":[{"href":"https:\/\/talenti.hr\/index.php?rest_route=\/wp\/v2\/product\/2502","targetHints":{"allow":["GET"]}}],"collection":[{"href":"https:\/\/talenti.hr\/index.php?rest_route=\/wp\/v2\/product"}],"about":[{"href":"https:\/\/talenti.hr\/index.php?rest_route=\/wp\/v2\/types\/product"}],"replies":[{"embeddable":true,"href":"https:\/\/talenti.hr\/index.php?rest_route=%2Fwp%2Fv2%2Fcomments&post=2502"}],"wp:featuredmedia":[{"embeddable":true,"href":"https:\/\/talenti.hr\/index.php?rest_route=\/wp\/v2\/media\/2504"}],"wp:attachment":[{"href":"https:\/\/talenti.hr\/index.php?rest_route=%2Fwp%2Fv2%2Fmedia&parent=2502"}],"wp:term":[{"taxonomy":"product_brand","embeddable":true,"href":"https:\/\/talenti.hr\/index.php?rest_route=%2Fwp%2Fv2%2Fproduct_brand&post=2502"},{"taxonomy":"product_cat","embeddable":true,"href":"https:\/\/talenti.hr\/index.php?rest_route=%2Fwp%2Fv2%2Fproduct_cat&post=2502"},{"taxonomy":"product_tag","embeddable":true,"href":"https:\/\/talenti.hr\/index.php?rest_route=%2Fwp%2Fv2%2Fproduct_tag&post=2502"}],"curies":[{"name":"wp","href":"https:\/\/api.w.org\/{rel}","templated":true}]}}