{"id":2505,"date":"2020-03-30T11:57:58","date_gmt":"2020-03-30T09:57:58","guid":{"rendered":"https:\/\/talenti.hr\/?post_type=product&#038;p=2505"},"modified":"2020-05-12T11:00:51","modified_gmt":"2020-05-12T09:00:51","slug":"cunjevi-one-moon-2","status":"publish","type":"product","link":"https:\/\/talenti.hr\/?product=cunjevi-one-moon-2","title":{"rendered":"\u010cunjevi One Moon"},"content":{"rendered":"<div id=\"product_description\" class=\"ui-tabs-panel ui-widget-content ui-corner-bottom\">\n<p>\u010cunjevi One Moon za \u017eongliranje svijetle u mraku,izra\u0111eni su iz jednog komada i primjereni za po\u010detnike.<\/p>\n<\/div>\n","protected":false},"excerpt":{"rendered":"<ul>\n<li>Cijena za 1 komad!!<\/li>\n<li>Te\u017eina: 200 g<\/li>\n<li>Du\u017eina: 50 cm<\/li>\n<p> &#8230; <\/p>\n","protected":false},"featured_media":2507,"comment_status":"open","ping_status":"closed","template":"","meta":[],"product_brand":[],"product_cat":[152,158,149],"product_tag":[227,206,228,281],"class_list":{"0":"post-2505","1":"product","2":"type-product","3":"status-publish","4":"has-post-thumbnail","6":"product_cat-cunjevi","7":"product_cat-moon-i-led-rekviziti","8":"product_cat-zongliranje","9":"product_tag-cunjevi","10":"product_tag-moon","11":"product_tag-one","12":"product_tag-play","14":"first","15":"instock","16":"taxable","17":"shipping-taxable","18":"purchasable","19":"product-type-simple"},"_links":{"self":[{"href":"https:\/\/talenti.hr\/index.php?rest_route=\/wp\/v2\/product\/2505","targetHints":{"allow":["GET"]}}],"collection":[{"href":"https:\/\/talenti.hr\/index.php?rest_route=\/wp\/v2\/product"}],"about":[{"href":"https:\/\/talenti.hr\/index.php?rest_route=\/wp\/v2\/types\/product"}],"replies":[{"embeddable":true,"href":"https:\/\/talenti.hr\/index.php?rest_route=%2Fwp%2Fv2%2Fcomments&post=2505"}],"wp:featuredmedia":[{"embeddable":true,"href":"https:\/\/talenti.hr\/index.php?rest_route=\/wp\/v2\/media\/2507"}],"wp:attachment":[{"href":"https:\/\/talenti.hr\/index.php?rest_route=%2Fwp%2Fv2%2Fmedia&parent=2505"}],"wp:term":[{"taxonomy":"product_brand","embeddable":true,"href":"https:\/\/talenti.hr\/index.php?rest_route=%2Fwp%2Fv2%2Fproduct_brand&post=2505"},{"taxonomy":"product_cat","embeddable":true,"href":"https:\/\/talenti.hr\/index.php?rest_route=%2Fwp%2Fv2%2Fproduct_cat&post=2505"},{"taxonomy":"product_tag","embeddable":true,"href":"https:\/\/talenti.hr\/index.php?rest_route=%2Fwp%2Fv2%2Fproduct_tag&post=2505"}],"curies":[{"name":"wp","href":"https:\/\/api.w.org\/{rel}","templated":true}]}}