{"id":2508,"date":"2020-03-30T12:00:23","date_gmt":"2020-03-30T10:00:23","guid":{"rendered":"https:\/\/talenti.hr\/?post_type=product&#038;p=2508"},"modified":"2020-04-22T12:45:14","modified_gmt":"2020-04-22T10:45:14","slug":"diabolo-astro-moon-2","status":"publish","type":"product","link":"https:\/\/talenti.hr\/?product=diabolo-astro-moon-2","title":{"rendered":"Diabolo Astro Moon"},"content":{"rendered":"<div id=\"product_description\">\n<p>Diabolon Astro Moon odli\u010dan je diabolo za po\u010detnike,spada me\u0111u manje diabole,napravljen je od mekane plastike.Odlikuju ga odli\u010dan odnos cijene i kvalitete i trenutno je najpovoljniji svijetle\u0107i diabolo na tr\u017ei\u0161tu.<\/p>\n<p>Cijena je bez palica!!<\/p>\n<\/div>\n","protected":false},"excerpt":{"rendered":"<ul>\n<li>Te\u017eina: 160 g<\/li>\n<li>Promjer: 100 mm<\/li>\n<li>Visina: 105 mm<\/li>\n<li>Rok &#8230;<br \/>\n","protected":false},"featured_media":2510,"comment_status":"open","ping_status":"closed","template":"","meta":[],"product_brand":[],"product_cat":[151,158,149],"product_tag":[212,210,206],"class_list":{"0":"post-2508","1":"product","2":"type-product","3":"status-publish","4":"has-post-thumbnail","6":"product_cat-diabolo-i-palice","7":"product_cat-moon-i-led-rekviziti","8":"product_cat-zongliranje","9":"product_tag-astro","10":"product_tag-diabolo","11":"product_tag-moon","13":"first","14":"instock","15":"taxable","16":"shipping-taxable","17":"purchasable","18":"product-type-simple"},"_links":{"self":[{"href":"https:\/\/talenti.hr\/index.php?rest_route=\/wp\/v2\/product\/2508","targetHints":{"allow":["GET"]}}],"collection":[{"href":"https:\/\/talenti.hr\/index.php?rest_route=\/wp\/v2\/product"}],"about":[{"href":"https:\/\/talenti.hr\/index.php?rest_route=\/wp\/v2\/types\/product"}],"replies":[{"embeddable":true,"href":"https:\/\/talenti.hr\/index.php?rest_route=%2Fwp%2Fv2%2Fcomments&post=2508"}],"wp:featuredmedia":[{"embeddable":true,"href":"https:\/\/talenti.hr\/index.php?rest_route=\/wp\/v2\/media\/2510"}],"wp:attachment":[{"href":"https:\/\/talenti.hr\/index.php?rest_route=%2Fwp%2Fv2%2Fmedia&parent=2508"}],"wp:term":[{"taxonomy":"product_brand","embeddable":true,"href":"https:\/\/talenti.hr\/index.php?rest_route=%2Fwp%2Fv2%2Fproduct_brand&post=2508"},{"taxonomy":"product_cat","embeddable":true,"href":"https:\/\/talenti.hr\/index.php?rest_route=%2Fwp%2Fv2%2Fproduct_cat&post=2508"},{"taxonomy":"product_tag","embeddable":true,"href":"https:\/\/talenti.hr\/index.php?rest_route=%2Fwp%2Fv2%2Fproduct_tag&post=2508"}],"curies":[{"name":"wp","href":"https:\/\/api.w.org\/{rel}","templated":true}]}}