{"id":2511,"date":"2020-03-30T12:02:33","date_gmt":"2020-03-30T10:02:33","guid":{"rendered":"https:\/\/talenti.hr\/?post_type=product&#038;p=2511"},"modified":"2020-04-22T12:22:50","modified_gmt":"2020-04-22T10:22:50","slug":"diabolo-comet-moon-2","status":"publish","type":"product","link":"https:\/\/talenti.hr\/?product=diabolo-comet-moon-2","title":{"rendered":"Diabolo Comet Moon"},"content":{"rendered":"<div id=\"product_description\">\n<p>Diabolo Comet Moon zbog njegove male te\u017eine namijenjen je po\u010detnicima ove igre.Napravljen je od mekane plastike.Odlikuje ga odli\u010dan odnos cijene i kvalitete.No\u0107u pru\u017ea izvanredan ugo\u0111aj svijetljenja u mraku.<\/p>\n<p>Cijena je bez palica!!<\/p>\n<\/div>\n","protected":false},"excerpt":{"rendered":"<ul>\n<li>Te\u017eina: 225 g<\/li>\n<li>Promjer: 125 mm<\/li>\n<li>Veli\u010dina: 113 mm<\/li>\n<li>Rok &#8230;<br \/>\n","protected":false},"featured_media":2513,"comment_status":"open","ping_status":"closed","template":"","meta":[],"product_brand":[],"product_cat":[151,158,149],"product_tag":[213,210,206],"class_list":{"0":"post-2511","1":"product","2":"type-product","3":"status-publish","4":"has-post-thumbnail","6":"product_cat-diabolo-i-palice","7":"product_cat-moon-i-led-rekviziti","8":"product_cat-zongliranje","9":"product_tag-comet","10":"product_tag-diabolo","11":"product_tag-moon","13":"first","14":"instock","15":"taxable","16":"shipping-taxable","17":"purchasable","18":"product-type-simple"},"_links":{"self":[{"href":"https:\/\/talenti.hr\/index.php?rest_route=\/wp\/v2\/product\/2511","targetHints":{"allow":["GET"]}}],"collection":[{"href":"https:\/\/talenti.hr\/index.php?rest_route=\/wp\/v2\/product"}],"about":[{"href":"https:\/\/talenti.hr\/index.php?rest_route=\/wp\/v2\/types\/product"}],"replies":[{"embeddable":true,"href":"https:\/\/talenti.hr\/index.php?rest_route=%2Fwp%2Fv2%2Fcomments&post=2511"}],"wp:featuredmedia":[{"embeddable":true,"href":"https:\/\/talenti.hr\/index.php?rest_route=\/wp\/v2\/media\/2513"}],"wp:attachment":[{"href":"https:\/\/talenti.hr\/index.php?rest_route=%2Fwp%2Fv2%2Fmedia&parent=2511"}],"wp:term":[{"taxonomy":"product_brand","embeddable":true,"href":"https:\/\/talenti.hr\/index.php?rest_route=%2Fwp%2Fv2%2Fproduct_brand&post=2511"},{"taxonomy":"product_cat","embeddable":true,"href":"https:\/\/talenti.hr\/index.php?rest_route=%2Fwp%2Fv2%2Fproduct_cat&post=2511"},{"taxonomy":"product_tag","embeddable":true,"href":"https:\/\/talenti.hr\/index.php?rest_route=%2Fwp%2Fv2%2Fproduct_tag&post=2511"}],"curies":[{"name":"wp","href":"https:\/\/api.w.org\/{rel}","templated":true}]}}