{"id":2517,"date":"2020-03-30T12:08:36","date_gmt":"2020-03-30T10:08:36","guid":{"rendered":"https:\/\/talenti.hr\/?post_type=product&#038;p=2517"},"modified":"2020-04-22T12:19:39","modified_gmt":"2020-04-22T10:19:39","slug":"diabolo-lunar-spin-led-2","status":"publish","type":"product","link":"https:\/\/talenti.hr\/?product=diabolo-lunar-spin-led-2","title":{"rendered":"Diabolo Lunar Spin LED"},"content":{"rendered":"<p>Diabolo Lunar Spin LED dolazi u kompletu s fiber palicama,CD-om s trikovima i baterijama.<\/p>\n<p>Izdr\u017eljiv je i cjenovno dostupan.Na svakoj strani su namje\u0161tene diode u crvenoj,zelenoj i plavoj boji.Diabolo LED vam omogu\u0107uje izvo\u0111enje fantasti\u010dnih trikova u potpunom mraku.Omogu\u0107uje 3 razli\u010dita svjetlosna nastavka i stalnu boju,mijenjanje boje ili treperenje boja.<\/p>\n<p>&nbsp;<\/p>\n<p>&nbsp;<\/p>\n","protected":false},"excerpt":{"rendered":"<ul>\n<li>Te\u017eina: 298 g<\/li>\n<li>Promjer: 112 mm<\/li>\n<li>Veli\u010dina: 132 mm<\/li>\n<li>Rok &#8230;<br \/>\n","protected":false},"featured_media":2998,"comment_status":"open","ping_status":"closed","template":"","meta":[],"product_brand":[],"product_cat":[151,158,149],"product_tag":[210,208,218,219],"class_list":{"0":"post-2517","1":"product","2":"type-product","3":"status-publish","4":"has-post-thumbnail","6":"product_cat-diabolo-i-palice","7":"product_cat-moon-i-led-rekviziti","8":"product_cat-zongliranje","9":"product_tag-diabolo","10":"product_tag-led","11":"product_tag-lunar","12":"product_tag-spin","14":"first","15":"instock","16":"taxable","17":"shipping-taxable","18":"purchasable","19":"product-type-simple"},"_links":{"self":[{"href":"https:\/\/talenti.hr\/index.php?rest_route=\/wp\/v2\/product\/2517","targetHints":{"allow":["GET"]}}],"collection":[{"href":"https:\/\/talenti.hr\/index.php?rest_route=\/wp\/v2\/product"}],"about":[{"href":"https:\/\/talenti.hr\/index.php?rest_route=\/wp\/v2\/types\/product"}],"replies":[{"embeddable":true,"href":"https:\/\/talenti.hr\/index.php?rest_route=%2Fwp%2Fv2%2Fcomments&post=2517"}],"wp:featuredmedia":[{"embeddable":true,"href":"https:\/\/talenti.hr\/index.php?rest_route=\/wp\/v2\/media\/2998"}],"wp:attachment":[{"href":"https:\/\/talenti.hr\/index.php?rest_route=%2Fwp%2Fv2%2Fmedia&parent=2517"}],"wp:term":[{"taxonomy":"product_brand","embeddable":true,"href":"https:\/\/talenti.hr\/index.php?rest_route=%2Fwp%2Fv2%2Fproduct_brand&post=2517"},{"taxonomy":"product_cat","embeddable":true,"href":"https:\/\/talenti.hr\/index.php?rest_route=%2Fwp%2Fv2%2Fproduct_cat&post=2517"},{"taxonomy":"product_tag","embeddable":true,"href":"https:\/\/talenti.hr\/index.php?rest_route=%2Fwp%2Fv2%2Fproduct_tag&post=2517"}],"curies":[{"name":"wp","href":"https:\/\/api.w.org\/{rel}","templated":true}]}}