{"id":2526,"date":"2020-03-30T12:13:19","date_gmt":"2020-03-30T10:13:19","guid":{"rendered":"https:\/\/talenti.hr\/?post_type=product&#038;p=2526"},"modified":"2020-04-23T15:59:08","modified_gmt":"2020-04-23T13:59:08","slug":"kolutovi-za-zongliranje-moon","status":"publish","type":"product","link":"https:\/\/talenti.hr\/?product=kolutovi-za-zongliranje-moon","title":{"rendered":"Kolutovi za \u017eongliranje Moon"},"content":{"rendered":"<p>Jo\u0161 jedan vrlo zanimljiv i koristan no\u0107ni rekvizit. Fluo kolutovi omogu\u0107uju vrlo atraktivno no\u0107no dodavanje (passing) izme\u0111u dva \u017eonglera. Svjetlosni efekt traje pribli\u017eno 20 minuta.<\/p>\n","protected":false},"excerpt":{"rendered":"<ul>\n<li>Opseg: 32 cm<\/li>\n<li>Te\u017eina: 110 g<\/li>\n<li>Rok isporuke: 5 do &#8230;<br \/>\n","protected":false},"featured_media":2528,"comment_status":"open","ping_status":"closed","template":"","meta":[],"product_brand":[],"product_cat":[158,156,149],"product_tag":[303,206],"class_list":{"0":"post-2526","1":"product","2":"type-product","3":"status-publish","4":"has-post-thumbnail","6":"product_cat-moon-i-led-rekviziti","7":"product_cat-razni-zonglerski-rekviziti","8":"product_cat-zongliranje","9":"product_tag-kolutovi","10":"product_tag-moon","12":"first","13":"instock","14":"taxable","15":"shipping-taxable","16":"purchasable","17":"product-type-simple"},"_links":{"self":[{"href":"https:\/\/talenti.hr\/index.php?rest_route=\/wp\/v2\/product\/2526","targetHints":{"allow":["GET"]}}],"collection":[{"href":"https:\/\/talenti.hr\/index.php?rest_route=\/wp\/v2\/product"}],"about":[{"href":"https:\/\/talenti.hr\/index.php?rest_route=\/wp\/v2\/types\/product"}],"replies":[{"embeddable":true,"href":"https:\/\/talenti.hr\/index.php?rest_route=%2Fwp%2Fv2%2Fcomments&post=2526"}],"wp:featuredmedia":[{"embeddable":true,"href":"https:\/\/talenti.hr\/index.php?rest_route=\/wp\/v2\/media\/2528"}],"wp:attachment":[{"href":"https:\/\/talenti.hr\/index.php?rest_route=%2Fwp%2Fv2%2Fmedia&parent=2526"}],"wp:term":[{"taxonomy":"product_brand","embeddable":true,"href":"https:\/\/talenti.hr\/index.php?rest_route=%2Fwp%2Fv2%2Fproduct_brand&post=2526"},{"taxonomy":"product_cat","embeddable":true,"href":"https:\/\/talenti.hr\/index.php?rest_route=%2Fwp%2Fv2%2Fproduct_cat&post=2526"},{"taxonomy":"product_tag","embeddable":true,"href":"https:\/\/talenti.hr\/index.php?rest_route=%2Fwp%2Fv2%2Fproduct_tag&post=2526"}],"curies":[{"name":"wp","href":"https:\/\/api.w.org\/{rel}","templated":true}]}}