{"id":2529,"date":"2020-03-30T12:15:07","date_gmt":"2020-03-30T10:15:07","guid":{"rendered":"https:\/\/talenti.hr\/?post_type=product&#038;p=2529"},"modified":"2020-04-23T13:01:03","modified_gmt":"2020-04-23T11:01:03","slug":"loptice-contact-moon-130-2","status":"publish","type":"product","link":"https:\/\/talenti.hr\/?product=loptice-contact-moon-130-2","title":{"rendered":"Loptice Contact Moon 130"},"content":{"rendered":"<div id=\"product_description\">\n<p>Loptice Contact Moon 130 su idealne za po\u010detnike contact \u017eongliranja zbog veli\u010dine i te\u017eine,\u0161to jako olak\u0161ava izvo\u0111enje trikova.Mogu ih koristiti i zahtjevniji korisnici,jer su zbog &#8221; moon &#8221; povr\u0161ine atraktivne za ve\u010dernje nastupe i dobrog vizualnog efekta i za udaljenu publiku.<\/p>\n<p>&nbsp;<\/p>\n<\/div>\n","protected":false},"excerpt":{"rendered":"<ul>\n<li>Te\u017eina: 400 g<\/li>\n<li>Promjer: 13 cm<\/li>\n<li>Rok isporuke: 7 do &#8230;<br \/>\n","protected":false},"featured_media":2531,"comment_status":"open","ping_status":"closed","template":"","meta":[],"product_brand":[],"product_cat":[154,158,149],"product_tag":[283,195,206],"class_list":{"0":"post-2529","1":"product","2":"type-product","3":"status-publish","4":"has-post-thumbnail","6":"product_cat-kontaktno-zongliranje","7":"product_cat-moon-i-led-rekviziti","8":"product_cat-zongliranje","9":"product_tag-contact","10":"product_tag-loptice","11":"product_tag-moon","13":"first","14":"instock","15":"taxable","16":"shipping-taxable","17":"purchasable","18":"product-type-simple"},"_links":{"self":[{"href":"https:\/\/talenti.hr\/index.php?rest_route=\/wp\/v2\/product\/2529","targetHints":{"allow":["GET"]}}],"collection":[{"href":"https:\/\/talenti.hr\/index.php?rest_route=\/wp\/v2\/product"}],"about":[{"href":"https:\/\/talenti.hr\/index.php?rest_route=\/wp\/v2\/types\/product"}],"replies":[{"embeddable":true,"href":"https:\/\/talenti.hr\/index.php?rest_route=%2Fwp%2Fv2%2Fcomments&post=2529"}],"wp:featuredmedia":[{"embeddable":true,"href":"https:\/\/talenti.hr\/index.php?rest_route=\/wp\/v2\/media\/2531"}],"wp:attachment":[{"href":"https:\/\/talenti.hr\/index.php?rest_route=%2Fwp%2Fv2%2Fmedia&parent=2529"}],"wp:term":[{"taxonomy":"product_brand","embeddable":true,"href":"https:\/\/talenti.hr\/index.php?rest_route=%2Fwp%2Fv2%2Fproduct_brand&post=2529"},{"taxonomy":"product_cat","embeddable":true,"href":"https:\/\/talenti.hr\/index.php?rest_route=%2Fwp%2Fv2%2Fproduct_cat&post=2529"},{"taxonomy":"product_tag","embeddable":true,"href":"https:\/\/talenti.hr\/index.php?rest_route=%2Fwp%2Fv2%2Fproduct_tag&post=2529"}],"curies":[{"name":"wp","href":"https:\/\/api.w.org\/{rel}","templated":true}]}}