{"id":2541,"date":"2020-03-30T12:23:39","date_gmt":"2020-03-30T10:23:39","guid":{"rendered":"https:\/\/talenti.hr\/?post_type=product&#038;p=2541"},"modified":"2020-05-02T13:12:15","modified_gmt":"2020-05-02T11:12:15","slug":"kineski-tanjur-moon","status":"publish","type":"product","link":"https:\/\/talenti.hr\/?product=kineski-tanjur-moon","title":{"rendered":"Kineski tanjur Moon sa palicom"},"content":{"rendered":"<p>Kineski tanjur Moon napravljen je od mekane plastike pa podnosi padove.Dobra je vje\u017eba za ru\u010dni zglob.U cijenu je ura\u010dunata i palica s kojom ga vrtimo.Ako se izlo\u017ei svjetlosti po no\u0107i svjetli oko 20 minuta.<\/p>\n","protected":false},"excerpt":{"rendered":"<ul>\n<li>Te\u017eina: 90 g<\/li>\n<li>Promjer: 24 cm<\/li>\n<li>Rok isporuke: 5-7 dana<\/li>\n<p> &#8230; <\/p>\n","protected":false},"featured_media":2543,"comment_status":"open","ping_status":"closed","template":"","meta":[],"product_brand":[],"product_cat":[183,158,156,180,149],"product_tag":[469,206,220,470],"class_list":{"0":"post-2541","1":"product","2":"type-product","3":"status-publish","4":"has-post-thumbnail","6":"product_cat-igre-spretnosti","7":"product_cat-moon-i-led-rekviziti","8":"product_cat-razni-zonglerski-rekviziti","9":"product_cat-razno","10":"product_cat-zongliranje","11":"product_tag-kineski","12":"product_tag-moon","13":"product_tag-palice","14":"product_tag-tanjur","16":"first","17":"instock","18":"taxable","19":"shipping-taxable","20":"purchasable","21":"product-type-simple"},"_links":{"self":[{"href":"https:\/\/talenti.hr\/index.php?rest_route=\/wp\/v2\/product\/2541","targetHints":{"allow":["GET"]}}],"collection":[{"href":"https:\/\/talenti.hr\/index.php?rest_route=\/wp\/v2\/product"}],"about":[{"href":"https:\/\/talenti.hr\/index.php?rest_route=\/wp\/v2\/types\/product"}],"replies":[{"embeddable":true,"href":"https:\/\/talenti.hr\/index.php?rest_route=%2Fwp%2Fv2%2Fcomments&post=2541"}],"wp:featuredmedia":[{"embeddable":true,"href":"https:\/\/talenti.hr\/index.php?rest_route=\/wp\/v2\/media\/2543"}],"wp:attachment":[{"href":"https:\/\/talenti.hr\/index.php?rest_route=%2Fwp%2Fv2%2Fmedia&parent=2541"}],"wp:term":[{"taxonomy":"product_brand","embeddable":true,"href":"https:\/\/talenti.hr\/index.php?rest_route=%2Fwp%2Fv2%2Fproduct_brand&post=2541"},{"taxonomy":"product_cat","embeddable":true,"href":"https:\/\/talenti.hr\/index.php?rest_route=%2Fwp%2Fv2%2Fproduct_cat&post=2541"},{"taxonomy":"product_tag","embeddable":true,"href":"https:\/\/talenti.hr\/index.php?rest_route=%2Fwp%2Fv2%2Fproduct_tag&post=2541"}],"curies":[{"name":"wp","href":"https:\/\/api.w.org\/{rel}","templated":true}]}}