{"id":2544,"date":"2020-03-30T12:25:25","date_gmt":"2020-03-30T10:25:25","guid":{"rendered":"https:\/\/talenti.hr\/?post_type=product&#038;p=2544"},"modified":"2020-08-27T20:45:22","modified_gmt":"2020-08-27T18:45:22","slug":"poi-contact-giga-moon","status":"publish","type":"product","link":"https:\/\/talenti.hr\/?product=poi-contact-giga-moon","title":{"rendered":"Poi Contact Giga Moon"},"content":{"rendered":"<div id=\"product_description\">\n<p>Poi Contact Giga Moon je fantasti\u010dan rekvizit za no\u0107no vrtenje.Kugle promjera 100 mm do\u010daravaju neponovljiv efekt koji traje vi\u0161e od 20 minuta.Baterije nisu potrebne,jer su kugle pblo\u017eene s fluo materijalom koji svijetli no\u0107u ako se prethodno izlo\u017ei svjetlosti.<\/p>\n<p>&nbsp;<\/p>\n<\/div>\n","protected":false},"excerpt":{"rendered":"<ul>\n<li>Cijena je za 1 par !!<\/li>\n<li>Te\u017eina kugle: 200 g<\/li>\n<p> &#8230; <\/p>\n","protected":false},"featured_media":2546,"comment_status":"open","ping_status":"closed","template":"","meta":[],"product_brand":[],"product_cat":[158,155,149],"product_tag":[283,300,206,293],"class_list":{"0":"post-2544","1":"product","2":"type-product","3":"status-publish","4":"has-post-thumbnail","6":"product_cat-moon-i-led-rekviziti","7":"product_cat-poivrtnja-i-swinging","8":"product_cat-zongliranje","9":"product_tag-contact","10":"product_tag-giga","11":"product_tag-moon","12":"product_tag-poi","14":"first","15":"instock","16":"taxable","17":"shipping-taxable","18":"purchasable","19":"product-type-simple"},"_links":{"self":[{"href":"https:\/\/talenti.hr\/index.php?rest_route=\/wp\/v2\/product\/2544","targetHints":{"allow":["GET"]}}],"collection":[{"href":"https:\/\/talenti.hr\/index.php?rest_route=\/wp\/v2\/product"}],"about":[{"href":"https:\/\/talenti.hr\/index.php?rest_route=\/wp\/v2\/types\/product"}],"replies":[{"embeddable":true,"href":"https:\/\/talenti.hr\/index.php?rest_route=%2Fwp%2Fv2%2Fcomments&post=2544"}],"wp:featuredmedia":[{"embeddable":true,"href":"https:\/\/talenti.hr\/index.php?rest_route=\/wp\/v2\/media\/2546"}],"wp:attachment":[{"href":"https:\/\/talenti.hr\/index.php?rest_route=%2Fwp%2Fv2%2Fmedia&parent=2544"}],"wp:term":[{"taxonomy":"product_brand","embeddable":true,"href":"https:\/\/talenti.hr\/index.php?rest_route=%2Fwp%2Fv2%2Fproduct_brand&post=2544"},{"taxonomy":"product_cat","embeddable":true,"href":"https:\/\/talenti.hr\/index.php?rest_route=%2Fwp%2Fv2%2Fproduct_cat&post=2544"},{"taxonomy":"product_tag","embeddable":true,"href":"https:\/\/talenti.hr\/index.php?rest_route=%2Fwp%2Fv2%2Fproduct_tag&post=2544"}],"curies":[{"name":"wp","href":"https:\/\/api.w.org\/{rel}","templated":true}]}}