{"id":2547,"date":"2020-03-30T12:27:52","date_gmt":"2020-03-30T10:27:52","guid":{"rendered":"https:\/\/talenti.hr\/?post_type=product&#038;p=2547"},"modified":"2020-04-23T15:31:30","modified_gmt":"2020-04-23T13:31:30","slug":"poi-moon","status":"publish","type":"product","link":"https:\/\/talenti.hr\/?product=poi-moon","title":{"rendered":"Poi Moon"},"content":{"rendered":"<div id=\"product_description\">\n<p>Poi Moon namijenjeni su no\u0107nom vrtenju. Ne treba baterije. Kugla je oblo\u017eena s fluo materijalom koji svijetli po no\u0107i, ako ga predhodno izlo\u017eimo svijetlosti. Efekt traje pribli\u017eno 20 minuta i nakom toga se mora ponovno izlo\u017eiti svijetlosti. Dr\u0161ka je od mekane ko\u017ee.<\/p>\n<\/div>\n","protected":false},"excerpt":{"rendered":"<ul>\n<li>Cijena je za 1 par !!<\/li>\n<li>Rok isporuke: 5 do &#8230;<br \/>\n","protected":false},"featured_media":2549,"comment_status":"open","ping_status":"closed","template":"","meta":[],"product_brand":[],"product_cat":[158,155,149],"product_tag":[206,293],"class_list":{"0":"post-2547","1":"product","2":"type-product","3":"status-publish","4":"has-post-thumbnail","6":"product_cat-moon-i-led-rekviziti","7":"product_cat-poivrtnja-i-swinging","8":"product_cat-zongliranje","9":"product_tag-moon","10":"product_tag-poi","12":"first","13":"instock","14":"taxable","15":"shipping-taxable","16":"purchasable","17":"product-type-simple"},"_links":{"self":[{"href":"https:\/\/talenti.hr\/index.php?rest_route=\/wp\/v2\/product\/2547","targetHints":{"allow":["GET"]}}],"collection":[{"href":"https:\/\/talenti.hr\/index.php?rest_route=\/wp\/v2\/product"}],"about":[{"href":"https:\/\/talenti.hr\/index.php?rest_route=\/wp\/v2\/types\/product"}],"replies":[{"embeddable":true,"href":"https:\/\/talenti.hr\/index.php?rest_route=%2Fwp%2Fv2%2Fcomments&post=2547"}],"wp:featuredmedia":[{"embeddable":true,"href":"https:\/\/talenti.hr\/index.php?rest_route=\/wp\/v2\/media\/2549"}],"wp:attachment":[{"href":"https:\/\/talenti.hr\/index.php?rest_route=%2Fwp%2Fv2%2Fmedia&parent=2547"}],"wp:term":[{"taxonomy":"product_brand","embeddable":true,"href":"https:\/\/talenti.hr\/index.php?rest_route=%2Fwp%2Fv2%2Fproduct_brand&post=2547"},{"taxonomy":"product_cat","embeddable":true,"href":"https:\/\/talenti.hr\/index.php?rest_route=%2Fwp%2Fv2%2Fproduct_cat&post=2547"},{"taxonomy":"product_tag","embeddable":true,"href":"https:\/\/talenti.hr\/index.php?rest_route=%2Fwp%2Fv2%2Fproduct_tag&post=2547"}],"curies":[{"name":"wp","href":"https:\/\/api.w.org\/{rel}","templated":true}]}}